{"id":90884,"date":"2023-11-22T11:32:10","date_gmt":"2023-11-22T11:32:10","guid":{"rendered":"https:\/\/themes.diviplus.io\/jewellery-store\/?page_id=16"},"modified":"2026-01-30T12:06:29","modified_gmt":"2026-01-30T12:06:29","slug":"mineraliano-2","status":"publish","type":"page","link":"https:\/\/joyasconproposito.es\/en\/mineraliano-2\/","title":{"rendered":"Mineraliano &#8211; Quienes Somos"},"content":{"rendered":"<p>[et_pb_section fb_built=\u00bb1&#8243; _builder_version=\u00bb4.16&#8243; global_colors_info=\u00bb{}\u00bb][et_pb_row _builder_version=\u00bb4.16&#8243; background_size=\u00bbinitial\u00bb background_position=\u00bbtop_left\u00bb background_repeat=\u00bbrepeat\u00bb global_colors_info=\u00bb{}\u00bb][et_pb_column type=\u00bb4_4&#8243; _builder_version=\u00bb4.16&#8243; custom_padding=\u00bb|||\u00bb global_colors_info=\u00bb{}\u00bb custom_padding__hover=\u00bb|||\u00bb][et_pb_text _builder_version=\u00bb4.16&#8243; background_size=\u00bbinitial\u00bb background_position=\u00bbtop_left\u00bb background_repeat=\u00bbrepeat\u00bb global_colors_info=\u00bb{}\u00bb]Somos una pareja de artistas apasionados por la naturaleza, la Tierra y los<br \/>\nminerales. Jaume descubri\u00f3 desde muy peque\u00f1o su amor por los minerales<br \/>\nrecorriendo mercadillos con sus padres, donde siempre eleg\u00eda piedras antes<br \/>\nque juguetes. Esa conexi\u00f3n profunda se transform\u00f3 con los a\u00f1os en un camino<br \/>\nde vida y, en un momento de crisis, comprendi\u00f3 que pod\u00eda crear joyas<br \/>\npersonalizadas y con prop\u00f3sito para acompa\u00f1ar a las personas en procesos<br \/>\nemocionales y vitales, trabajando directamente con los regalos de la Madre<br \/>\nTierra.<br \/>\nSara, bailarina y artista esc\u00e9nica, se une a este proyecto aportando su<br \/>\nsensibilidad, creatividad y conexi\u00f3n con el cuerpo, la emoci\u00f3n y la<br \/>\nespiritualidad. Juntos crean Mineraliano, un espacio donde los minerales se<br \/>\nconvierten en joyas con significado, pensadas para acompa\u00f1ar la evoluci\u00f3n<br \/>\nemocional y espiritual de las personas, compartiendo la conexi\u00f3n con la Tierra<br \/>\ny la vida a trav\u00e9s de cada pieza.<br \/>\nMisi\u00f3n<br \/>\nCrear joyas personalizadas con prop\u00f3sito que acompa\u00f1en a cada persona en<br \/>\nlos distintos momentos de su vida, integrando la sabidur\u00eda de los minerales con<br \/>\nla astrolog\u00eda, la numerolog\u00eda y los procesos emocionales y espirituales que<br \/>\ncada ser est\u00e1 transitando. Honramos los regalos de la Madre Tierra para<br \/>\nofrecer piezas \u00fanicas que sostengan, inspiren y conecten a las personas con<br \/>\nsu esencia.<br \/>\n\ufffd\ufffd Visi\u00f3n<br \/>\nSer un referente en joyer\u00eda consciente y mineral\u00f3gica, reconocida por crear<br \/>\npiezas \u00fanicas para cada etapa vital, que act\u00faen como herramientas de<br \/>\nconexi\u00f3n, transformaci\u00f3n y acompa\u00f1amiento emocional y espiritual. Aspiramos<br \/>\na construir una comunidad que viva los minerales como aliados del camino<br \/>\npersonal, fomentando una relaci\u00f3n m\u00e1s consciente, respetuosa y sagrada con<br \/>\nla Tierra.<br \/>\n\ufffd\ufffd Valores<br \/>\nConexi\u00f3n con la Tierra<br \/>\nHonramos a la Madre Tierra y trabajamos con sus minerales desde el respeto,<br \/>\nla gratitud y la conciencia de su origen.<br \/>\nPersonalizaci\u00f3n consciente<br \/>\nCada joya es \u00fanica, creada a medida seg\u00fan la carta astral, el n\u00famero de vida y<br \/>\nel momento vital de cada persona.<br \/>\nProp\u00f3sito y significado<\/p>\n<p>No creamos adornos, sino amuletos con intenci\u00f3n, dise\u00f1ados para acompa\u00f1ar<br \/>\nprocesos de cambio, sanaci\u00f3n y crecimiento.<br \/>\nArte y sensibilidad<br \/>\nUnimos el arte, el movimiento, la emoci\u00f3n y la espiritualidad en cada creaci\u00f3n,<br \/>\ncuidando tanto la forma como la energ\u00eda de la pieza.<br \/>\nAcompa\u00f1amiento humano<br \/>\nEscuchamos, sostenemos y respetamos el proceso de cada persona, creando<br \/>\ndesde la empat\u00eda y la presencia.<br \/>\nAutenticidad<br \/>\nSomos fieles a nuestra historia, a nuestro camino y a la verdad de cada mineral<br \/>\ny cada creaci\u00f3n.<br \/>\nConciencia espiritual<br \/>\nEntendemos la joyer\u00eda como un acto sagrado, una herramienta al servicio de la<br \/>\nevoluci\u00f3n emocional y espiritual de los seres.<br \/>\n[\/et_pb_text][\/et_pb_column][\/et_pb_row][\/et_pb_section]<\/p>\n","protected":false},"excerpt":{"rendered":"<p>Somos una pareja de artistas apasionados por la naturaleza, la Tierra y los minerales. Jaume descubri\u00f3 desde muy peque\u00f1o su amor por los minerales recorriendo mercadillos con sus padres, donde siempre eleg\u00eda piedras antes que juguetes. Esa conexi\u00f3n profunda se transform\u00f3 con los a\u00f1os en un camino de vida y, en un momento de crisis, [&hellip;]<\/p>\n","protected":false},"author":1,"featured_media":0,"parent":0,"menu_order":0,"comment_status":"closed","ping_status":"closed","template":"","meta":{"_et_pb_use_builder":"on","_et_pb_old_content":"<p>Somos una pareja de artistas apasionados por la naturaleza, la Tierra y los<br \/>minerales. Jaume descubri\u00f3 desde muy peque\u00f1o su amor por los minerales<br \/>recorriendo mercadillos con sus padres, donde siempre eleg\u00eda piedras antes<br \/>que juguetes. Esa conexi\u00f3n profunda se transform\u00f3 con los a\u00f1os en un camino<br \/>de vida y, en un momento de crisis, comprendi\u00f3 que pod\u00eda crear joyas<br \/>personalizadas y con prop\u00f3sito para acompa\u00f1ar a las personas en procesos<br \/>emocionales y vitales, trabajando directamente con los regalos de la Madre<br \/>Tierra.<br \/>Sara, bailarina y artista esc\u00e9nica, se une a este proyecto aportando su<br \/>sensibilidad, creatividad y conexi\u00f3n con el cuerpo, la emoci\u00f3n y la<br \/>espiritualidad. Juntos crean Mineraliano, un espacio donde los minerales se<br \/>convierten en joyas con significado, pensadas para acompa\u00f1ar la evoluci\u00f3n<br \/>emocional y espiritual de las personas, compartiendo la conexi\u00f3n con la Tierra<br \/>y la vida a trav\u00e9s de cada pieza.<br \/>Misi\u00f3n<br \/>Crear joyas personalizadas con prop\u00f3sito que acompa\u00f1en a cada persona en<br \/>los distintos momentos de su vida, integrando la sabidur\u00eda de los minerales con<br \/>la astrolog\u00eda, la numerolog\u00eda y los procesos emocionales y espirituales que<br \/>cada ser est\u00e1 transitando. Honramos los regalos de la Madre Tierra para<br \/>ofrecer piezas \u00fanicas que sostengan, inspiren y conecten a las personas con<br \/>su esencia.<br \/>\ufffd\ufffd Visi\u00f3n<br \/>Ser un referente en joyer\u00eda consciente y mineral\u00f3gica, reconocida por crear<br \/>piezas \u00fanicas para cada etapa vital, que act\u00faen como herramientas de<br \/>conexi\u00f3n, transformaci\u00f3n y acompa\u00f1amiento emocional y espiritual. Aspiramos<br \/>a construir una comunidad que viva los minerales como aliados del camino<br \/>personal, fomentando una relaci\u00f3n m\u00e1s consciente, respetuosa y sagrada con<br \/>la Tierra.<br \/>\ufffd\ufffd Valores<br \/>Conexi\u00f3n con la Tierra<br \/>Honramos a la Madre Tierra y trabajamos con sus minerales desde el respeto,<br \/>la gratitud y la conciencia de su origen.<br \/>Personalizaci\u00f3n consciente<br \/>Cada joya es \u00fanica, creada a medida seg\u00fan la carta astral, el n\u00famero de vida y<br \/>el momento vital de cada persona.<br \/>Prop\u00f3sito y significado<\/p><p>No creamos adornos, sino amuletos con intenci\u00f3n, dise\u00f1ados para acompa\u00f1ar<br \/>procesos de cambio, sanaci\u00f3n y crecimiento.<br \/>Arte y sensibilidad<br \/>Unimos el arte, el movimiento, la emoci\u00f3n y la espiritualidad en cada creaci\u00f3n,<br \/>cuidando tanto la forma como la energ\u00eda de la pieza.<br \/>Acompa\u00f1amiento humano<br \/>Escuchamos, sostenemos y respetamos el proceso de cada persona, creando<br \/>desde la empat\u00eda y la presencia.<br \/>Autenticidad<br \/>Somos fieles a nuestra historia, a nuestro camino y a la verdad de cada mineral<br \/>y cada creaci\u00f3n.<br \/>Conciencia espiritual<br \/>Entendemos la joyer\u00eda como un acto sagrado, una herramienta al servicio de la<br \/>evoluci\u00f3n emocional y espiritual de los seres.<\/p>","_et_gb_content_width":"","footnotes":""},"class_list":["post-90884","page","type-page","status-publish","hentry"],"yoast_head":"<!-- This site is optimized with the Yoast SEO plugin v27.2 - https:\/\/yoast.com\/product\/yoast-seo-wordpress\/ -->\n<title>Mineraliano - Quienes Somos - Joyas con Prop&oacute;sito<\/title>\n<meta name=\"robots\" content=\"index, follow, max-snippet:-1, max-image-preview:large, max-video-preview:-1\" \/>\n<link rel=\"canonical\" href=\"https:\/\/joyasconproposito.es\/en\/mineraliano-2\/\" \/>\n<meta property=\"og:locale\" content=\"en_GB\" \/>\n<meta property=\"og:type\" content=\"article\" \/>\n<meta property=\"og:title\" content=\"Mineraliano - Quienes Somos - Joyas con Prop&oacute;sito\" \/>\n<meta property=\"og:description\" content=\"Somos una pareja de artistas apasionados por la naturaleza, la Tierra y los minerales. Jaume descubri\u00f3 desde muy peque\u00f1o su amor por los minerales recorriendo mercadillos con sus padres, donde siempre eleg\u00eda piedras antes que juguetes. Esa conexi\u00f3n profunda se transform\u00f3 con los a\u00f1os en un camino de vida y, en un momento de crisis, [&hellip;]\" \/>\n<meta property=\"og:url\" content=\"https:\/\/joyasconproposito.es\/en\/mineraliano-2\/\" \/>\n<meta property=\"og:site_name\" content=\"Joyas con Prop&oacute;sito\" \/>\n<meta property=\"article:modified_time\" content=\"2026-01-30T12:06:29+00:00\" \/>\n<meta name=\"twitter:card\" content=\"summary_large_image\" \/>\n<meta name=\"twitter:label1\" content=\"Estimated reading time\" \/>\n\t<meta name=\"twitter:data1\" content=\"2 minutes\" \/>\n<script type=\"application\/ld+json\" class=\"yoast-schema-graph\">{\"@context\":\"https:\/\/schema.org\",\"@graph\":[{\"@type\":\"WebPage\",\"@id\":\"https:\/\/joyasconproposito.es\/mineraliano-2\/\",\"url\":\"https:\/\/joyasconproposito.es\/mineraliano-2\/\",\"name\":\"Mineraliano - Quienes Somos - Joyas con Prop&oacute;sito\",\"isPartOf\":{\"@id\":\"https:\/\/joyasconproposito.es\/#website\"},\"datePublished\":\"2023-11-22T11:32:10+00:00\",\"dateModified\":\"2026-01-30T12:06:29+00:00\",\"breadcrumb\":{\"@id\":\"https:\/\/joyasconproposito.es\/mineraliano-2\/#breadcrumb\"},\"inLanguage\":\"en-GB\",\"potentialAction\":[{\"@type\":\"ReadAction\",\"target\":[\"https:\/\/joyasconproposito.es\/mineraliano-2\/\"]}]},{\"@type\":\"BreadcrumbList\",\"@id\":\"https:\/\/joyasconproposito.es\/mineraliano-2\/#breadcrumb\",\"itemListElement\":[{\"@type\":\"ListItem\",\"position\":1,\"name\":\"Portada\",\"item\":\"https:\/\/joyasconproposito.es\/\"},{\"@type\":\"ListItem\",\"position\":2,\"name\":\"Mineraliano &#8211; Quienes Somos\"}]},{\"@type\":\"WebSite\",\"@id\":\"https:\/\/joyasconproposito.es\/#website\",\"url\":\"https:\/\/joyasconproposito.es\/\",\"name\":\"Joyas con Prop&oacute;sito\",\"description\":\"Joyas con Prop&oacute;sito - Mineraliano\",\"potentialAction\":[{\"@type\":\"SearchAction\",\"target\":{\"@type\":\"EntryPoint\",\"urlTemplate\":\"https:\/\/joyasconproposito.es\/?s={search_term_string}\"},\"query-input\":{\"@type\":\"PropertyValueSpecification\",\"valueRequired\":true,\"valueName\":\"search_term_string\"}}],\"inLanguage\":\"en-GB\"}]}<\/script>\n<!-- \/ Yoast SEO plugin. -->","yoast_head_json":{"title":"Mineraliano - Quienes Somos - Joyas con Prop&oacute;sito","robots":{"index":"index","follow":"follow","max-snippet":"max-snippet:-1","max-image-preview":"max-image-preview:large","max-video-preview":"max-video-preview:-1"},"canonical":"https:\/\/joyasconproposito.es\/en\/mineraliano-2\/","og_locale":"en_GB","og_type":"article","og_title":"Mineraliano - Quienes Somos - Joyas con Prop&oacute;sito","og_description":"Somos una pareja de artistas apasionados por la naturaleza, la Tierra y los minerales. Jaume descubri\u00f3 desde muy peque\u00f1o su amor por los minerales recorriendo mercadillos con sus padres, donde siempre eleg\u00eda piedras antes que juguetes. Esa conexi\u00f3n profunda se transform\u00f3 con los a\u00f1os en un camino de vida y, en un momento de crisis, [&hellip;]","og_url":"https:\/\/joyasconproposito.es\/en\/mineraliano-2\/","og_site_name":"Joyas con Prop&oacute;sito","article_modified_time":"2026-01-30T12:06:29+00:00","twitter_card":"summary_large_image","twitter_misc":{"Estimated reading time":"2 minutes"},"schema":{"@context":"https:\/\/schema.org","@graph":[{"@type":"WebPage","@id":"https:\/\/joyasconproposito.es\/mineraliano-2\/","url":"https:\/\/joyasconproposito.es\/mineraliano-2\/","name":"Mineraliano - Quienes Somos - Joyas con Prop&oacute;sito","isPartOf":{"@id":"https:\/\/joyasconproposito.es\/#website"},"datePublished":"2023-11-22T11:32:10+00:00","dateModified":"2026-01-30T12:06:29+00:00","breadcrumb":{"@id":"https:\/\/joyasconproposito.es\/mineraliano-2\/#breadcrumb"},"inLanguage":"en-GB","potentialAction":[{"@type":"ReadAction","target":["https:\/\/joyasconproposito.es\/mineraliano-2\/"]}]},{"@type":"BreadcrumbList","@id":"https:\/\/joyasconproposito.es\/mineraliano-2\/#breadcrumb","itemListElement":[{"@type":"ListItem","position":1,"name":"Portada","item":"https:\/\/joyasconproposito.es\/"},{"@type":"ListItem","position":2,"name":"Mineraliano &#8211; Quienes Somos"}]},{"@type":"WebSite","@id":"https:\/\/joyasconproposito.es\/#website","url":"https:\/\/joyasconproposito.es\/","name":"Joyas con Prop&oacute;sito","description":"Joyas con Prop&oacute;sito - Mineraliano","potentialAction":[{"@type":"SearchAction","target":{"@type":"EntryPoint","urlTemplate":"https:\/\/joyasconproposito.es\/?s={search_term_string}"},"query-input":{"@type":"PropertyValueSpecification","valueRequired":true,"valueName":"search_term_string"}}],"inLanguage":"en-GB"}]}},"_links":{"self":[{"href":"https:\/\/joyasconproposito.es\/en\/wp-json\/wp\/v2\/pages\/90884","targetHints":{"allow":["GET"]}}],"collection":[{"href":"https:\/\/joyasconproposito.es\/en\/wp-json\/wp\/v2\/pages"}],"about":[{"href":"https:\/\/joyasconproposito.es\/en\/wp-json\/wp\/v2\/types\/page"}],"author":[{"embeddable":true,"href":"https:\/\/joyasconproposito.es\/en\/wp-json\/wp\/v2\/users\/1"}],"replies":[{"embeddable":true,"href":"https:\/\/joyasconproposito.es\/en\/wp-json\/wp\/v2\/comments?post=90884"}],"version-history":[{"count":9,"href":"https:\/\/joyasconproposito.es\/en\/wp-json\/wp\/v2\/pages\/90884\/revisions"}],"predecessor-version":[{"id":100052,"href":"https:\/\/joyasconproposito.es\/en\/wp-json\/wp\/v2\/pages\/90884\/revisions\/100052"}],"wp:attachment":[{"href":"https:\/\/joyasconproposito.es\/en\/wp-json\/wp\/v2\/media?parent=90884"}],"curies":[{"name":"wp","href":"https:\/\/api.w.org\/{rel}","templated":true}]}}