{"id":100093,"date":"2026-02-12T10:57:48","date_gmt":"2026-02-12T10:57:48","guid":{"rendered":"https:\/\/joyasconproposito.es\/?post_type=product&#038;p=100093"},"modified":"2026-02-12T10:57:48","modified_gmt":"2026-02-12T10:57:48","slug":"vision-interna-claridad-intuicion-y-sabiduria-superior","status":"publish","type":"product","link":"https:\/\/joyasconproposito.es\/en\/product\/vision-interna-claridad-intuicion-y-sabiduria-superior\/","title":{"rendered":"\u201cVisi\u00f3n Interna\u201d Claridad, Intuici\u00f3n y Sabidur\u00eda Superior"},"content":{"rendered":"<p><strong>Este collar est\u00e1 dise\u00f1ado para activar y armonizar el Tercer Ojo, el centro de la visi\u00f3n interior, la intuici\u00f3n y la sabidur\u00eda profunda. Es ideal para meditadores, terapeutas, coaches, creativos o cualquier persona que desee fortalecer su percepci\u00f3n interna, claridad mental y gu\u00eda espiritual.<\/strong><br \/>\nCaracter\u00edsticas (material, talla, etc.): piedras y gemas naturales. Enganche de acero inoxidable. Hilo tipo nailon. Cuentas de 6\u201d. Disponible en 42cm y 50cm.<br \/>\nLabradorita \u2013 Potencia la conexi\u00f3n espiritual y protege el campo \u00e1urico.<br \/>\nAmatista \u2013 Facilita estados de calma profunda y meditaci\u00f3n.<br \/>\nFluorita \u2013 Aclara la mente y mejora la concentraci\u00f3n.<br \/>\nSodalita \u2013 Une raz\u00f3n e intuici\u00f3n.<br \/>\nCuarzo Cristal \u2013 Activa y amplifica todas las vibraciones.<\/p>","protected":false},"excerpt":{"rendered":"<p>Este collar est\u00e1 dise\u00f1ado para activar y armonizar el Tercer Ojo, el centro de la visi\u00f3n interior, la intuici\u00f3n y la sabidur\u00eda profunda. Es ideal para meditadores, terapeutas, coaches, creativos o cualquier persona que desee fortalecer su percepci\u00f3n interna, claridad mental y gu\u00eda espiritual.<br \/>\nCaracter\u00edsticas (material, talla, etc.): piedras y gemas naturales. Enganche de acero inoxidable. Hilo tipo nailon. Cuentas de 6\u201d. Disponible en 42cm y 50cm.<br \/>\nLabradorita \u2013 Potencia la conexi\u00f3n espiritual y protege el campo \u00e1urico.<br \/>\nAmatista \u2013 Facilita estados de calma profunda y meditaci\u00f3n.<br \/>\nFluorita \u2013 Aclara la mente y mejora la concentraci\u00f3n.<br \/>\nSodalita \u2013 Une raz\u00f3n e intuici\u00f3n.<br \/>\nCuarzo Cristal \u2013 Activa y amplifica todas las vibraciones.<\/p>","protected":false},"featured_media":100094,"comment_status":"open","ping_status":"closed","template":"","meta":{"_et_pb_use_builder":"off","_et_pb_old_content":"Joya 1","_et_gb_content_width":""},"product_brand":[24],"product_cat":[26],"product_tag":[25],"class_list":{"0":"post-100093","1":"product","2":"type-product","3":"status-publish","4":"has-post-thumbnail","6":"product_brand-mineraliano","7":"product_cat-coleccion-chakras","8":"product_tag-pulseras","10":"first","11":"instock","12":"shipping-taxable","13":"purchasable","14":"product-type-simple"},"yoast_head":"<!-- This site is optimized with the Yoast SEO plugin v27.2 - https:\/\/yoast.com\/product\/yoast-seo-wordpress\/ -->\n<title>\u201cVisi\u00f3n Interna\u201d Claridad, Intuici\u00f3n y Sabidur\u00eda Superior - Joyas con Prop&oacute;sito<\/title>\n<meta name=\"description\" content=\"\u201cVisi\u00f3n Interna\u201d Claridad, Intuici\u00f3n y Sabidur\u00eda Superior\" \/>\n<meta name=\"robots\" content=\"index, follow, max-snippet:-1, max-image-preview:large, max-video-preview:-1\" \/>\n<link rel=\"canonical\" href=\"https:\/\/joyasconproposito.es\/en\/product\/vision-interna-claridad-intuicion-y-sabiduria-superior\/\" \/>\n<meta property=\"og:locale\" content=\"en_GB\" \/>\n<meta property=\"og:type\" content=\"article\" \/>\n<meta property=\"og:title\" content=\"\u201cVisi\u00f3n Interna\u201d Claridad, Intuici\u00f3n y Sabidur\u00eda Superior - Joyas con Prop&oacute;sito\" \/>\n<meta property=\"og:description\" content=\"\u201cVisi\u00f3n Interna\u201d Claridad, Intuici\u00f3n y Sabidur\u00eda Superior\" \/>\n<meta property=\"og:url\" content=\"https:\/\/joyasconproposito.es\/en\/product\/vision-interna-claridad-intuicion-y-sabiduria-superior\/\" \/>\n<meta property=\"og:site_name\" content=\"Joyas con Prop&oacute;sito\" \/>\n<meta property=\"og:image\" content=\"https:\/\/joyasconproposito.es\/wp-content\/uploads\/2026\/02\/jaume-66-scaled.jpg\" \/>\n\t<meta property=\"og:image:width\" content=\"2560\" \/>\n\t<meta property=\"og:image:height\" content=\"1707\" \/>\n\t<meta property=\"og:image:type\" content=\"image\/jpeg\" \/>\n<meta name=\"twitter:card\" content=\"summary_large_image\" \/>\n<meta name=\"twitter:label1\" content=\"Estimated reading time\" \/>\n\t<meta name=\"twitter:data1\" content=\"1 minute\" \/>\n<script type=\"application\/ld+json\" class=\"yoast-schema-graph\">{\"@context\":\"https:\/\/schema.org\",\"@graph\":[{\"@type\":\"WebPage\",\"@id\":\"https:\/\/joyasconproposito.es\/producto\/vision-interna-claridad-intuicion-y-sabiduria-superior\/\",\"url\":\"https:\/\/joyasconproposito.es\/producto\/vision-interna-claridad-intuicion-y-sabiduria-superior\/\",\"name\":\"\u201cVisi\u00f3n Interna\u201d Claridad, Intuici\u00f3n y Sabidur\u00eda Superior - Joyas con Prop&oacute;sito\",\"isPartOf\":{\"@id\":\"https:\/\/joyasconproposito.es\/#website\"},\"primaryImageOfPage\":{\"@id\":\"https:\/\/joyasconproposito.es\/producto\/vision-interna-claridad-intuicion-y-sabiduria-superior\/#primaryimage\"},\"image\":{\"@id\":\"https:\/\/joyasconproposito.es\/producto\/vision-interna-claridad-intuicion-y-sabiduria-superior\/#primaryimage\"},\"thumbnailUrl\":\"https:\/\/joyasconproposito.es\/wp-content\/uploads\/2026\/02\/jaume-66-scaled.jpg\",\"datePublished\":\"2026-02-12T10:57:48+00:00\",\"description\":\"\u201cVisi\u00f3n Interna\u201d Claridad, Intuici\u00f3n y Sabidur\u00eda Superior\",\"breadcrumb\":{\"@id\":\"https:\/\/joyasconproposito.es\/producto\/vision-interna-claridad-intuicion-y-sabiduria-superior\/#breadcrumb\"},\"inLanguage\":\"en-GB\",\"potentialAction\":[{\"@type\":\"ReadAction\",\"target\":[\"https:\/\/joyasconproposito.es\/producto\/vision-interna-claridad-intuicion-y-sabiduria-superior\/\"]}]},{\"@type\":\"ImageObject\",\"inLanguage\":\"en-GB\",\"@id\":\"https:\/\/joyasconproposito.es\/producto\/vision-interna-claridad-intuicion-y-sabiduria-superior\/#primaryimage\",\"url\":\"https:\/\/joyasconproposito.es\/wp-content\/uploads\/2026\/02\/jaume-66-scaled.jpg\",\"contentUrl\":\"https:\/\/joyasconproposito.es\/wp-content\/uploads\/2026\/02\/jaume-66-scaled.jpg\",\"width\":2560,\"height\":1707},{\"@type\":\"BreadcrumbList\",\"@id\":\"https:\/\/joyasconproposito.es\/producto\/vision-interna-claridad-intuicion-y-sabiduria-superior\/#breadcrumb\",\"itemListElement\":[{\"@type\":\"ListItem\",\"position\":1,\"name\":\"Portada\",\"item\":\"https:\/\/joyasconproposito.es\/\"},{\"@type\":\"ListItem\",\"position\":2,\"name\":\"Tienda\",\"item\":\"https:\/\/joyasconproposito.es\/tienda\/\"},{\"@type\":\"ListItem\",\"position\":3,\"name\":\"\u201cVisi\u00f3n Interna\u201d Claridad, Intuici\u00f3n y Sabidur\u00eda Superior\"}]},{\"@type\":\"WebSite\",\"@id\":\"https:\/\/joyasconproposito.es\/#website\",\"url\":\"https:\/\/joyasconproposito.es\/\",\"name\":\"Joyas con Prop&oacute;sito\",\"description\":\"Joyas con Prop&oacute;sito - Mineraliano\",\"potentialAction\":[{\"@type\":\"SearchAction\",\"target\":{\"@type\":\"EntryPoint\",\"urlTemplate\":\"https:\/\/joyasconproposito.es\/?s={search_term_string}\"},\"query-input\":{\"@type\":\"PropertyValueSpecification\",\"valueRequired\":true,\"valueName\":\"search_term_string\"}}],\"inLanguage\":\"en-GB\"}]}<\/script>\n<!-- \/ Yoast SEO plugin. -->","yoast_head_json":{"title":"\u201cVisi\u00f3n Interna\u201d Claridad, Intuici\u00f3n y Sabidur\u00eda Superior - Joyas con Prop&oacute;sito","description":"\u201cVisi\u00f3n Interna\u201d Claridad, Intuici\u00f3n y Sabidur\u00eda Superior","robots":{"index":"index","follow":"follow","max-snippet":"max-snippet:-1","max-image-preview":"max-image-preview:large","max-video-preview":"max-video-preview:-1"},"canonical":"https:\/\/joyasconproposito.es\/en\/product\/vision-interna-claridad-intuicion-y-sabiduria-superior\/","og_locale":"en_GB","og_type":"article","og_title":"\u201cVisi\u00f3n Interna\u201d Claridad, Intuici\u00f3n y Sabidur\u00eda Superior - Joyas con Prop&oacute;sito","og_description":"\u201cVisi\u00f3n Interna\u201d Claridad, Intuici\u00f3n y Sabidur\u00eda Superior","og_url":"https:\/\/joyasconproposito.es\/en\/product\/vision-interna-claridad-intuicion-y-sabiduria-superior\/","og_site_name":"Joyas con Prop&oacute;sito","og_image":[{"width":2560,"height":1707,"url":"https:\/\/joyasconproposito.es\/wp-content\/uploads\/2026\/02\/jaume-66-scaled.jpg","type":"image\/jpeg"}],"twitter_card":"summary_large_image","twitter_misc":{"Estimated reading time":"1 minute"},"schema":{"@context":"https:\/\/schema.org","@graph":[{"@type":"WebPage","@id":"https:\/\/joyasconproposito.es\/producto\/vision-interna-claridad-intuicion-y-sabiduria-superior\/","url":"https:\/\/joyasconproposito.es\/producto\/vision-interna-claridad-intuicion-y-sabiduria-superior\/","name":"\u201cVisi\u00f3n Interna\u201d Claridad, Intuici\u00f3n y Sabidur\u00eda Superior - Joyas con Prop&oacute;sito","isPartOf":{"@id":"https:\/\/joyasconproposito.es\/#website"},"primaryImageOfPage":{"@id":"https:\/\/joyasconproposito.es\/producto\/vision-interna-claridad-intuicion-y-sabiduria-superior\/#primaryimage"},"image":{"@id":"https:\/\/joyasconproposito.es\/producto\/vision-interna-claridad-intuicion-y-sabiduria-superior\/#primaryimage"},"thumbnailUrl":"https:\/\/joyasconproposito.es\/wp-content\/uploads\/2026\/02\/jaume-66-scaled.jpg","datePublished":"2026-02-12T10:57:48+00:00","description":"\u201cVisi\u00f3n Interna\u201d Claridad, Intuici\u00f3n y Sabidur\u00eda Superior","breadcrumb":{"@id":"https:\/\/joyasconproposito.es\/producto\/vision-interna-claridad-intuicion-y-sabiduria-superior\/#breadcrumb"},"inLanguage":"en-GB","potentialAction":[{"@type":"ReadAction","target":["https:\/\/joyasconproposito.es\/producto\/vision-interna-claridad-intuicion-y-sabiduria-superior\/"]}]},{"@type":"ImageObject","inLanguage":"en-GB","@id":"https:\/\/joyasconproposito.es\/producto\/vision-interna-claridad-intuicion-y-sabiduria-superior\/#primaryimage","url":"https:\/\/joyasconproposito.es\/wp-content\/uploads\/2026\/02\/jaume-66-scaled.jpg","contentUrl":"https:\/\/joyasconproposito.es\/wp-content\/uploads\/2026\/02\/jaume-66-scaled.jpg","width":2560,"height":1707},{"@type":"BreadcrumbList","@id":"https:\/\/joyasconproposito.es\/producto\/vision-interna-claridad-intuicion-y-sabiduria-superior\/#breadcrumb","itemListElement":[{"@type":"ListItem","position":1,"name":"Portada","item":"https:\/\/joyasconproposito.es\/"},{"@type":"ListItem","position":2,"name":"Tienda","item":"https:\/\/joyasconproposito.es\/tienda\/"},{"@type":"ListItem","position":3,"name":"\u201cVisi\u00f3n Interna\u201d Claridad, Intuici\u00f3n y Sabidur\u00eda Superior"}]},{"@type":"WebSite","@id":"https:\/\/joyasconproposito.es\/#website","url":"https:\/\/joyasconproposito.es\/","name":"Joyas con Prop&oacute;sito","description":"Joyas con Prop&oacute;sito - Mineraliano","potentialAction":[{"@type":"SearchAction","target":{"@type":"EntryPoint","urlTemplate":"https:\/\/joyasconproposito.es\/?s={search_term_string}"},"query-input":{"@type":"PropertyValueSpecification","valueRequired":true,"valueName":"search_term_string"}}],"inLanguage":"en-GB"}]}},"_links":{"self":[{"href":"https:\/\/joyasconproposito.es\/en\/wp-json\/wp\/v2\/product\/100093","targetHints":{"allow":["GET"]}}],"collection":[{"href":"https:\/\/joyasconproposito.es\/en\/wp-json\/wp\/v2\/product"}],"about":[{"href":"https:\/\/joyasconproposito.es\/en\/wp-json\/wp\/v2\/types\/product"}],"replies":[{"embeddable":true,"href":"https:\/\/joyasconproposito.es\/en\/wp-json\/wp\/v2\/comments?post=100093"}],"wp:featuredmedia":[{"embeddable":true,"href":"https:\/\/joyasconproposito.es\/en\/wp-json\/wp\/v2\/media\/100094"}],"wp:attachment":[{"href":"https:\/\/joyasconproposito.es\/en\/wp-json\/wp\/v2\/media?parent=100093"}],"wp:term":[{"taxonomy":"product_brand","embeddable":true,"href":"https:\/\/joyasconproposito.es\/en\/wp-json\/wp\/v2\/product_brand?post=100093"},{"taxonomy":"product_cat","embeddable":true,"href":"https:\/\/joyasconproposito.es\/en\/wp-json\/wp\/v2\/product_cat?post=100093"},{"taxonomy":"product_tag","embeddable":true,"href":"https:\/\/joyasconproposito.es\/en\/wp-json\/wp\/v2\/product_tag?post=100093"}],"curies":[{"name":"wp","href":"https:\/\/api.w.org\/{rel}","templated":true}]}}