{"id":100099,"date":"2026-02-13T09:43:06","date_gmt":"2026-02-13T09:43:06","guid":{"rendered":"https:\/\/joyasconproposito.es\/?post_type=product&#038;p=100099"},"modified":"2026-02-13T09:50:43","modified_gmt":"2026-02-13T09:50:43","slug":"vital-collar-de-la-salud","status":"publish","type":"product","link":"https:\/\/joyasconproposito.es\/en\/product\/vital-collar-de-la-salud\/","title":{"rendered":"\u201cVital\u201d Collar de la Salud"},"content":{"rendered":"<p><span style=\"font-weight: 400;\"><strong>Este collar es un amuleto de salud integral. Sostiene cada dimensi\u00f3n del bienestar: cuerpo, mente, emoci\u00f3n, energ\u00eda y esp\u00edritu, para vivir con plenitud, equilibrio y vitalidad. Vital sostiene tu camino hacia el equilibrio, activa tu energ\u00eda vital para que cada d\u00eda al portarlo recuerdes: tu salud empieza por elegirt<\/strong>e.<\/span><\/p>\n<p><span style=\"font-weight: 400;\">Caracter\u00edsticas (material, talla, etc.):<\/span><span style=\"font-weight: 400;\"> piedras y gemas naturales. Enganche de acero inoxidable. Hilo tipo nailon. Cuentas de 6\u201d. Disponible en 42cm y 50cm.<\/span><\/p>\n<p><span style=\"font-weight: 400;\">Cuarzo cristal: limpia, alinea y amplifica la energ\u00eda del cuerpo.<\/span><\/p>\n<p><span style=\"font-weight: 400;\">\u00c1gata musgo: Estimula la renovaci\u00f3n celular, la recuperaci\u00f3n f\u00edsica y la armon\u00eda con los ciclos naturales.<\/span><\/p>\n<p><span style=\"font-weight: 400;\">Amazonita: Calma el sistema nervioso y disuelve el estr\u00e9s acumulado.<\/span><\/p>\n<p><span style=\"font-weight: 400;\">Amatista: Transforma el miedo y la ansiedad en paz y confianza.<\/span><\/p>\n<p><span style=\"font-weight: 400;\">Jade verde: Estimula el chi, equilibra los \u00f3rganos y armoniza la energ\u00eda vital.<\/span><\/p>\n<p><span style=\"font-weight: 400;\">Labradorita: Refuerza la intuici\u00f3n del cuerpo y protege de influencias externas desequilibrantes.<\/span><\/p>","protected":false},"excerpt":{"rendered":"<p><strong>Este collar es un amuleto de salud integral. Sostiene cada dimensi\u00f3n del bienestar: cuerpo, mente, emoci\u00f3n, energ\u00eda y esp\u00edritu, para vivir con plenitud, equilibrio y vitalidad. Vital sostiene tu camino hacia el equilibrio, activa tu energ\u00eda vital para que cada d\u00eda al portarlo recuerdes: tu salud empieza por elegirte.<\/strong><\/p>\n<p><span style=\"font-weight: 400;\">Caracter\u00edsticas (material, talla, etc.):<\/span><span style=\"font-weight: 400;\"> piedras y gemas naturales. Enganche de acero inoxidable. Hilo tipo nailon. Cuentas de 6\u201d. Disponible en 42cm y 50cm.<\/span><\/p>\n<p><span style=\"font-weight: 400;\">Cuarzo cristal: limpia, alinea y amplifica la energ\u00eda del cuerpo.<\/span><\/p>\n<p><span style=\"font-weight: 400;\">\u00c1gata musgo: Estimula la renovaci\u00f3n celular, la recuperaci\u00f3n f\u00edsica y la armon\u00eda con los ciclos naturales.<\/span><\/p>\n<p><span style=\"font-weight: 400;\">Amazonita: Calma el sistema nervioso y disuelve el estr\u00e9s acumulado.<\/span><\/p>\n<p><span style=\"font-weight: 400;\">Amatista: Transforma el miedo y la ansiedad en paz y confianza.<\/span><\/p>\n<p><span style=\"font-weight: 400;\">Jade verde: Estimula el chi, equilibra los \u00f3rganos y armoniza la energ\u00eda vital.<\/span><\/p>\n<p><span style=\"font-weight: 400;\">Labradorita: Refuerza la intuici\u00f3n del cuerpo y protege de influencias externas desequilibrantes.<\/span><\/p>","protected":false},"featured_media":100100,"comment_status":"open","ping_status":"closed","template":"","meta":{"_et_pb_use_builder":"off","_et_pb_old_content":"Joya 1","_et_gb_content_width":""},"product_brand":[24],"product_cat":[27],"product_tag":[25],"class_list":{"0":"post-100099","1":"product","2":"type-product","3":"status-publish","4":"has-post-thumbnail","6":"product_brand-mineraliano","7":"product_cat-joyas-de-poder","8":"product_tag-pulseras","10":"first","11":"instock","12":"shipping-taxable","13":"purchasable","14":"product-type-simple"},"yoast_head":"<!-- This site is optimized with the Yoast SEO plugin v27.2 - https:\/\/yoast.com\/product\/yoast-seo-wordpress\/ -->\n<title>\u201cVital\u201d Collar de la Salud - Joyas con Prop&oacute;sito<\/title>\n<meta name=\"description\" content=\"\u201cVital\u201d Collar de la Salud\" \/>\n<meta name=\"robots\" content=\"index, follow, max-snippet:-1, max-image-preview:large, max-video-preview:-1\" \/>\n<link rel=\"canonical\" href=\"https:\/\/joyasconproposito.es\/en\/product\/vital-collar-de-la-salud\/\" \/>\n<meta property=\"og:locale\" content=\"en_GB\" \/>\n<meta property=\"og:type\" content=\"article\" \/>\n<meta property=\"og:title\" content=\"\u201cVital\u201d Collar de la Salud - Joyas con Prop&oacute;sito\" \/>\n<meta property=\"og:description\" content=\"\u201cVital\u201d Collar de la Salud\" \/>\n<meta property=\"og:url\" content=\"https:\/\/joyasconproposito.es\/en\/product\/vital-collar-de-la-salud\/\" \/>\n<meta property=\"og:site_name\" content=\"Joyas con Prop&oacute;sito\" \/>\n<meta property=\"article:modified_time\" content=\"2026-02-13T09:50:43+00:00\" \/>\n<meta property=\"og:image\" content=\"https:\/\/joyasconproposito.es\/wp-content\/uploads\/2026\/02\/jaume-51-1-scaled.jpg\" \/>\n\t<meta property=\"og:image:width\" content=\"1707\" \/>\n\t<meta property=\"og:image:height\" content=\"2560\" \/>\n\t<meta property=\"og:image:type\" content=\"image\/jpeg\" \/>\n<meta name=\"twitter:card\" content=\"summary_large_image\" \/>\n<meta name=\"twitter:label1\" content=\"Estimated reading time\" \/>\n\t<meta name=\"twitter:data1\" content=\"1 minute\" \/>\n<script type=\"application\/ld+json\" class=\"yoast-schema-graph\">{\"@context\":\"https:\/\/schema.org\",\"@graph\":[{\"@type\":\"WebPage\",\"@id\":\"https:\/\/joyasconproposito.es\/producto\/vital-collar-de-la-salud\/\",\"url\":\"https:\/\/joyasconproposito.es\/producto\/vital-collar-de-la-salud\/\",\"name\":\"\u201cVital\u201d Collar de la Salud - Joyas con Prop&oacute;sito\",\"isPartOf\":{\"@id\":\"https:\/\/joyasconproposito.es\/#website\"},\"primaryImageOfPage\":{\"@id\":\"https:\/\/joyasconproposito.es\/producto\/vital-collar-de-la-salud\/#primaryimage\"},\"image\":{\"@id\":\"https:\/\/joyasconproposito.es\/producto\/vital-collar-de-la-salud\/#primaryimage\"},\"thumbnailUrl\":\"https:\/\/joyasconproposito.es\/wp-content\/uploads\/2026\/02\/jaume-51-1-scaled.jpg\",\"datePublished\":\"2026-02-13T09:43:06+00:00\",\"dateModified\":\"2026-02-13T09:50:43+00:00\",\"description\":\"\u201cVital\u201d Collar de la Salud\",\"breadcrumb\":{\"@id\":\"https:\/\/joyasconproposito.es\/producto\/vital-collar-de-la-salud\/#breadcrumb\"},\"inLanguage\":\"en-GB\",\"potentialAction\":[{\"@type\":\"ReadAction\",\"target\":[\"https:\/\/joyasconproposito.es\/producto\/vital-collar-de-la-salud\/\"]}]},{\"@type\":\"ImageObject\",\"inLanguage\":\"en-GB\",\"@id\":\"https:\/\/joyasconproposito.es\/producto\/vital-collar-de-la-salud\/#primaryimage\",\"url\":\"https:\/\/joyasconproposito.es\/wp-content\/uploads\/2026\/02\/jaume-51-1-scaled.jpg\",\"contentUrl\":\"https:\/\/joyasconproposito.es\/wp-content\/uploads\/2026\/02\/jaume-51-1-scaled.jpg\",\"width\":1707,\"height\":2560},{\"@type\":\"BreadcrumbList\",\"@id\":\"https:\/\/joyasconproposito.es\/producto\/vital-collar-de-la-salud\/#breadcrumb\",\"itemListElement\":[{\"@type\":\"ListItem\",\"position\":1,\"name\":\"Portada\",\"item\":\"https:\/\/joyasconproposito.es\/\"},{\"@type\":\"ListItem\",\"position\":2,\"name\":\"Tienda\",\"item\":\"https:\/\/joyasconproposito.es\/tienda\/\"},{\"@type\":\"ListItem\",\"position\":3,\"name\":\"\u201cVital\u201d Collar de la Salud\"}]},{\"@type\":\"WebSite\",\"@id\":\"https:\/\/joyasconproposito.es\/#website\",\"url\":\"https:\/\/joyasconproposito.es\/\",\"name\":\"Joyas con Prop&oacute;sito\",\"description\":\"Joyas con Prop&oacute;sito - Mineraliano\",\"potentialAction\":[{\"@type\":\"SearchAction\",\"target\":{\"@type\":\"EntryPoint\",\"urlTemplate\":\"https:\/\/joyasconproposito.es\/?s={search_term_string}\"},\"query-input\":{\"@type\":\"PropertyValueSpecification\",\"valueRequired\":true,\"valueName\":\"search_term_string\"}}],\"inLanguage\":\"en-GB\"}]}<\/script>\n<!-- \/ Yoast SEO plugin. -->","yoast_head_json":{"title":"\u201cVital\u201d Collar de la Salud - Joyas con Prop&oacute;sito","description":"\u201cVital\u201d Collar de la Salud","robots":{"index":"index","follow":"follow","max-snippet":"max-snippet:-1","max-image-preview":"max-image-preview:large","max-video-preview":"max-video-preview:-1"},"canonical":"https:\/\/joyasconproposito.es\/en\/product\/vital-collar-de-la-salud\/","og_locale":"en_GB","og_type":"article","og_title":"\u201cVital\u201d Collar de la Salud - Joyas con Prop&oacute;sito","og_description":"\u201cVital\u201d Collar de la Salud","og_url":"https:\/\/joyasconproposito.es\/en\/product\/vital-collar-de-la-salud\/","og_site_name":"Joyas con Prop&oacute;sito","article_modified_time":"2026-02-13T09:50:43+00:00","og_image":[{"width":1707,"height":2560,"url":"https:\/\/joyasconproposito.es\/wp-content\/uploads\/2026\/02\/jaume-51-1-scaled.jpg","type":"image\/jpeg"}],"twitter_card":"summary_large_image","twitter_misc":{"Estimated reading time":"1 minute"},"schema":{"@context":"https:\/\/schema.org","@graph":[{"@type":"WebPage","@id":"https:\/\/joyasconproposito.es\/producto\/vital-collar-de-la-salud\/","url":"https:\/\/joyasconproposito.es\/producto\/vital-collar-de-la-salud\/","name":"\u201cVital\u201d Collar de la Salud - Joyas con Prop&oacute;sito","isPartOf":{"@id":"https:\/\/joyasconproposito.es\/#website"},"primaryImageOfPage":{"@id":"https:\/\/joyasconproposito.es\/producto\/vital-collar-de-la-salud\/#primaryimage"},"image":{"@id":"https:\/\/joyasconproposito.es\/producto\/vital-collar-de-la-salud\/#primaryimage"},"thumbnailUrl":"https:\/\/joyasconproposito.es\/wp-content\/uploads\/2026\/02\/jaume-51-1-scaled.jpg","datePublished":"2026-02-13T09:43:06+00:00","dateModified":"2026-02-13T09:50:43+00:00","description":"\u201cVital\u201d Collar de la Salud","breadcrumb":{"@id":"https:\/\/joyasconproposito.es\/producto\/vital-collar-de-la-salud\/#breadcrumb"},"inLanguage":"en-GB","potentialAction":[{"@type":"ReadAction","target":["https:\/\/joyasconproposito.es\/producto\/vital-collar-de-la-salud\/"]}]},{"@type":"ImageObject","inLanguage":"en-GB","@id":"https:\/\/joyasconproposito.es\/producto\/vital-collar-de-la-salud\/#primaryimage","url":"https:\/\/joyasconproposito.es\/wp-content\/uploads\/2026\/02\/jaume-51-1-scaled.jpg","contentUrl":"https:\/\/joyasconproposito.es\/wp-content\/uploads\/2026\/02\/jaume-51-1-scaled.jpg","width":1707,"height":2560},{"@type":"BreadcrumbList","@id":"https:\/\/joyasconproposito.es\/producto\/vital-collar-de-la-salud\/#breadcrumb","itemListElement":[{"@type":"ListItem","position":1,"name":"Portada","item":"https:\/\/joyasconproposito.es\/"},{"@type":"ListItem","position":2,"name":"Tienda","item":"https:\/\/joyasconproposito.es\/tienda\/"},{"@type":"ListItem","position":3,"name":"\u201cVital\u201d Collar de la Salud"}]},{"@type":"WebSite","@id":"https:\/\/joyasconproposito.es\/#website","url":"https:\/\/joyasconproposito.es\/","name":"Joyas con Prop&oacute;sito","description":"Joyas con Prop&oacute;sito - Mineraliano","potentialAction":[{"@type":"SearchAction","target":{"@type":"EntryPoint","urlTemplate":"https:\/\/joyasconproposito.es\/?s={search_term_string}"},"query-input":{"@type":"PropertyValueSpecification","valueRequired":true,"valueName":"search_term_string"}}],"inLanguage":"en-GB"}]}},"_links":{"self":[{"href":"https:\/\/joyasconproposito.es\/en\/wp-json\/wp\/v2\/product\/100099","targetHints":{"allow":["GET"]}}],"collection":[{"href":"https:\/\/joyasconproposito.es\/en\/wp-json\/wp\/v2\/product"}],"about":[{"href":"https:\/\/joyasconproposito.es\/en\/wp-json\/wp\/v2\/types\/product"}],"replies":[{"embeddable":true,"href":"https:\/\/joyasconproposito.es\/en\/wp-json\/wp\/v2\/comments?post=100099"}],"wp:featuredmedia":[{"embeddable":true,"href":"https:\/\/joyasconproposito.es\/en\/wp-json\/wp\/v2\/media\/100100"}],"wp:attachment":[{"href":"https:\/\/joyasconproposito.es\/en\/wp-json\/wp\/v2\/media?parent=100099"}],"wp:term":[{"taxonomy":"product_brand","embeddable":true,"href":"https:\/\/joyasconproposito.es\/en\/wp-json\/wp\/v2\/product_brand?post=100099"},{"taxonomy":"product_cat","embeddable":true,"href":"https:\/\/joyasconproposito.es\/en\/wp-json\/wp\/v2\/product_cat?post=100099"},{"taxonomy":"product_tag","embeddable":true,"href":"https:\/\/joyasconproposito.es\/en\/wp-json\/wp\/v2\/product_tag?post=100099"}],"curies":[{"name":"wp","href":"https:\/\/api.w.org\/{rel}","templated":true}]}}