{"id":100106,"date":"2026-02-13T09:48:09","date_gmt":"2026-02-13T09:48:09","guid":{"rendered":"https:\/\/joyasconproposito.es\/?post_type=product&#038;p=100106"},"modified":"2026-02-13T09:49:54","modified_gmt":"2026-02-13T09:49:54","slug":"luz-interior-collar-de-la-espiritualidad","status":"publish","type":"product","link":"https:\/\/joyasconproposito.es\/en\/product\/luz-interior-collar-de-la-espiritualidad\/","title":{"rendered":"\u201cLuz Interior\u201d collar de la Espiritualidad"},"content":{"rendered":"<p><strong>Este collar es una br\u00fajula hacia tu verdad profunda. Las piedras te gu\u00edan, te abren y te anclan. Cada una vibra con la luz de tu alma, record\u00e1ndote que ya est\u00e1s conectado. Ll\u00e9valo cuando necesites recordar tu prop\u00f3sito, cuando medites, cuando ense\u00f1es, cuando simplemente seas. Porque el despertar no es un lugar: es una forma de vivir.<\/strong><\/p>\n<p><span style=\"font-weight: 400;\">Caracter\u00edsticas (material, talla, etc.):<\/span><span style=\"font-weight: 400;\"> piedras y gemas naturales. Enganche de acero inoxidable. Hilo tipo nailon. Cuentas de 6\u201d. Disponible en 42cm y 50cm.<\/span><\/p>\n<p><span style=\"font-weight: 400;\">Amatista: abre el tercer ojo y corona y calma la mente.<\/span><\/p>\n<p><span style=\"font-weight: 400;\">Labradorita: Favorece los estados visionarios y conecta con la magia interior.<\/span><\/p>\n<p><span style=\"font-weight: 400;\">Cuarzo cristal: limpia, clarifica y amplifica la energ\u00eda.<\/span><\/p>\n<p><span style=\"font-weight: 400;\">Selenita: limpia el aura, conecta con lo divino y promueve la paz espiritual.<\/span><\/p>\n<p><span style=\"font-weight: 400;\">Piedra luna: suaviza el coraz\u00f3n y abre la intuici\u00f3n.<\/span><\/p>\n<p><span style=\"font-weight: 400;\">Fluorita: limpia bloqueos mentales y permite la conexi\u00f3n espiritual.<\/span><\/p>\n<p><span style=\"font-weight: 400;\">Cris\u00f3cola: promueve una conexi\u00f3n amorosa con la Tierra y el esp\u00edritu.<\/span><\/p>","protected":false},"excerpt":{"rendered":"<p><strong>Este collar es una br\u00fajula hacia tu verdad profunda. Las piedras te gu\u00edan, te abren y te anclan. Cada una vibra con la luz de tu alma, record\u00e1ndote que ya est\u00e1s conectado. Ll\u00e9valo cuando necesites recordar tu prop\u00f3sito, cuando medites, cuando ense\u00f1es, cuando simplemente seas. Porque el despertar no es un lugar: es una forma de vivir.<\/strong><\/p>\n<p><span style=\"font-weight: 400;\">Caracter\u00edsticas (material, talla, etc.):<\/span><span style=\"font-weight: 400;\"> piedras y gemas naturales. Enganche de acero inoxidable. Hilo tipo nailon. Cuentas de 6\u201d. Disponible en 42cm y 50cm.<\/span><\/p>\n<p><span style=\"font-weight: 400;\">Amatista: abre el tercer ojo y corona y calma la mente.<\/span><\/p>\n<p><span style=\"font-weight: 400;\">Labradorita: Favorece los estados visionarios y conecta con la magia interior.<\/span><\/p>\n<p><span style=\"font-weight: 400;\">Cuarzo cristal: limpia, clarifica y amplifica la energ\u00eda.<\/span><\/p>\n<p><span style=\"font-weight: 400;\">Selenita: limpia el aura, conecta con lo divino y promueve la paz espiritual.<\/span><\/p>\n<p><span style=\"font-weight: 400;\">Piedra luna: suaviza el coraz\u00f3n y abre la intuici\u00f3n.<\/span><\/p>\n<p><span style=\"font-weight: 400;\">Fluorita: limpia bloqueos mentales y permite la conexi\u00f3n espiritual.<\/span><\/p>\n<p><span style=\"font-weight: 400;\">Cris\u00f3cola: promueve una conexi\u00f3n amorosa con la Tierra y el esp\u00edritu.<\/span><\/p>","protected":false},"featured_media":100108,"comment_status":"open","ping_status":"closed","template":"","meta":{"_et_pb_use_builder":"off","_et_pb_old_content":"Joya 1","_et_gb_content_width":""},"product_brand":[24],"product_cat":[27],"product_tag":[25],"class_list":{"0":"post-100106","1":"product","2":"type-product","3":"status-publish","4":"has-post-thumbnail","6":"product_brand-mineraliano","7":"product_cat-joyas-de-poder","8":"product_tag-pulseras","10":"first","11":"instock","12":"shipping-taxable","13":"purchasable","14":"product-type-simple"},"yoast_head":"<!-- This site is optimized with the Yoast SEO plugin v27.2 - https:\/\/yoast.com\/product\/yoast-seo-wordpress\/ -->\n<title>\u201cLuz Interior\u201d collar de la Espiritualidad - Joyas con Prop&oacute;sito<\/title>\n<meta name=\"description\" content=\"\u201cLuz Interior\u201d collar de la Espiritualidad\" \/>\n<meta name=\"robots\" content=\"index, follow, max-snippet:-1, max-image-preview:large, max-video-preview:-1\" \/>\n<link rel=\"canonical\" href=\"https:\/\/joyasconproposito.es\/en\/product\/luz-interior-collar-de-la-espiritualidad\/\" \/>\n<meta property=\"og:locale\" content=\"en_GB\" \/>\n<meta property=\"og:type\" content=\"article\" \/>\n<meta property=\"og:title\" content=\"\u201cLuz Interior\u201d collar de la Espiritualidad - Joyas con Prop&oacute;sito\" \/>\n<meta property=\"og:description\" content=\"\u201cLuz Interior\u201d collar de la Espiritualidad\" \/>\n<meta property=\"og:url\" content=\"https:\/\/joyasconproposito.es\/en\/product\/luz-interior-collar-de-la-espiritualidad\/\" \/>\n<meta property=\"og:site_name\" content=\"Joyas con Prop&oacute;sito\" \/>\n<meta property=\"article:modified_time\" content=\"2026-02-13T09:49:54+00:00\" \/>\n<meta property=\"og:image\" content=\"https:\/\/joyasconproposito.es\/wp-content\/uploads\/2026\/02\/jaume-63-1.jpg\" \/>\n\t<meta property=\"og:image:width\" content=\"1\" \/>\n\t<meta property=\"og:image:height\" content=\"1\" \/>\n\t<meta property=\"og:image:type\" content=\"image\/jpeg\" \/>\n<meta name=\"twitter:card\" content=\"summary_large_image\" \/>\n<meta name=\"twitter:label1\" content=\"Estimated reading time\" \/>\n\t<meta name=\"twitter:data1\" content=\"1 minute\" \/>\n<script type=\"application\/ld+json\" class=\"yoast-schema-graph\">{\"@context\":\"https:\/\/schema.org\",\"@graph\":[{\"@type\":\"WebPage\",\"@id\":\"https:\/\/joyasconproposito.es\/producto\/luz-interior-collar-de-la-espiritualidad\/\",\"url\":\"https:\/\/joyasconproposito.es\/producto\/luz-interior-collar-de-la-espiritualidad\/\",\"name\":\"\u201cLuz Interior\u201d collar de la Espiritualidad - Joyas con Prop&oacute;sito\",\"isPartOf\":{\"@id\":\"https:\/\/joyasconproposito.es\/#website\"},\"primaryImageOfPage\":{\"@id\":\"https:\/\/joyasconproposito.es\/producto\/luz-interior-collar-de-la-espiritualidad\/#primaryimage\"},\"image\":{\"@id\":\"https:\/\/joyasconproposito.es\/producto\/luz-interior-collar-de-la-espiritualidad\/#primaryimage\"},\"thumbnailUrl\":\"https:\/\/joyasconproposito.es\/wp-content\/uploads\/2026\/02\/jaume-63-1.jpg\",\"datePublished\":\"2026-02-13T09:48:09+00:00\",\"dateModified\":\"2026-02-13T09:49:54+00:00\",\"description\":\"\u201cLuz Interior\u201d collar de la Espiritualidad\",\"breadcrumb\":{\"@id\":\"https:\/\/joyasconproposito.es\/producto\/luz-interior-collar-de-la-espiritualidad\/#breadcrumb\"},\"inLanguage\":\"en-GB\",\"potentialAction\":[{\"@type\":\"ReadAction\",\"target\":[\"https:\/\/joyasconproposito.es\/producto\/luz-interior-collar-de-la-espiritualidad\/\"]}]},{\"@type\":\"ImageObject\",\"inLanguage\":\"en-GB\",\"@id\":\"https:\/\/joyasconproposito.es\/producto\/luz-interior-collar-de-la-espiritualidad\/#primaryimage\",\"url\":\"https:\/\/joyasconproposito.es\/wp-content\/uploads\/2026\/02\/jaume-63-1.jpg\",\"contentUrl\":\"https:\/\/joyasconproposito.es\/wp-content\/uploads\/2026\/02\/jaume-63-1.jpg\"},{\"@type\":\"BreadcrumbList\",\"@id\":\"https:\/\/joyasconproposito.es\/producto\/luz-interior-collar-de-la-espiritualidad\/#breadcrumb\",\"itemListElement\":[{\"@type\":\"ListItem\",\"position\":1,\"name\":\"Portada\",\"item\":\"https:\/\/joyasconproposito.es\/\"},{\"@type\":\"ListItem\",\"position\":2,\"name\":\"Tienda\",\"item\":\"https:\/\/joyasconproposito.es\/tienda\/\"},{\"@type\":\"ListItem\",\"position\":3,\"name\":\"\u201cLuz Interior\u201d collar de la Espiritualidad\"}]},{\"@type\":\"WebSite\",\"@id\":\"https:\/\/joyasconproposito.es\/#website\",\"url\":\"https:\/\/joyasconproposito.es\/\",\"name\":\"Joyas con Prop&oacute;sito\",\"description\":\"Joyas con Prop&oacute;sito - Mineraliano\",\"potentialAction\":[{\"@type\":\"SearchAction\",\"target\":{\"@type\":\"EntryPoint\",\"urlTemplate\":\"https:\/\/joyasconproposito.es\/?s={search_term_string}\"},\"query-input\":{\"@type\":\"PropertyValueSpecification\",\"valueRequired\":true,\"valueName\":\"search_term_string\"}}],\"inLanguage\":\"en-GB\"}]}<\/script>\n<!-- \/ Yoast SEO plugin. -->","yoast_head_json":{"title":"\u201cLuz Interior\u201d collar de la Espiritualidad - Joyas con Prop&oacute;sito","description":"\u201cLuz Interior\u201d collar de la Espiritualidad","robots":{"index":"index","follow":"follow","max-snippet":"max-snippet:-1","max-image-preview":"max-image-preview:large","max-video-preview":"max-video-preview:-1"},"canonical":"https:\/\/joyasconproposito.es\/en\/product\/luz-interior-collar-de-la-espiritualidad\/","og_locale":"en_GB","og_type":"article","og_title":"\u201cLuz Interior\u201d collar de la Espiritualidad - Joyas con Prop&oacute;sito","og_description":"\u201cLuz Interior\u201d collar de la Espiritualidad","og_url":"https:\/\/joyasconproposito.es\/en\/product\/luz-interior-collar-de-la-espiritualidad\/","og_site_name":"Joyas con Prop&oacute;sito","article_modified_time":"2026-02-13T09:49:54+00:00","og_image":[{"url":"https:\/\/joyasconproposito.es\/wp-content\/uploads\/2026\/02\/jaume-63-1.jpg","width":1,"height":1,"type":"image\/jpeg"}],"twitter_card":"summary_large_image","twitter_misc":{"Estimated reading time":"1 minute"},"schema":{"@context":"https:\/\/schema.org","@graph":[{"@type":"WebPage","@id":"https:\/\/joyasconproposito.es\/producto\/luz-interior-collar-de-la-espiritualidad\/","url":"https:\/\/joyasconproposito.es\/producto\/luz-interior-collar-de-la-espiritualidad\/","name":"\u201cLuz Interior\u201d collar de la Espiritualidad - Joyas con Prop&oacute;sito","isPartOf":{"@id":"https:\/\/joyasconproposito.es\/#website"},"primaryImageOfPage":{"@id":"https:\/\/joyasconproposito.es\/producto\/luz-interior-collar-de-la-espiritualidad\/#primaryimage"},"image":{"@id":"https:\/\/joyasconproposito.es\/producto\/luz-interior-collar-de-la-espiritualidad\/#primaryimage"},"thumbnailUrl":"https:\/\/joyasconproposito.es\/wp-content\/uploads\/2026\/02\/jaume-63-1.jpg","datePublished":"2026-02-13T09:48:09+00:00","dateModified":"2026-02-13T09:49:54+00:00","description":"\u201cLuz Interior\u201d collar de la Espiritualidad","breadcrumb":{"@id":"https:\/\/joyasconproposito.es\/producto\/luz-interior-collar-de-la-espiritualidad\/#breadcrumb"},"inLanguage":"en-GB","potentialAction":[{"@type":"ReadAction","target":["https:\/\/joyasconproposito.es\/producto\/luz-interior-collar-de-la-espiritualidad\/"]}]},{"@type":"ImageObject","inLanguage":"en-GB","@id":"https:\/\/joyasconproposito.es\/producto\/luz-interior-collar-de-la-espiritualidad\/#primaryimage","url":"https:\/\/joyasconproposito.es\/wp-content\/uploads\/2026\/02\/jaume-63-1.jpg","contentUrl":"https:\/\/joyasconproposito.es\/wp-content\/uploads\/2026\/02\/jaume-63-1.jpg"},{"@type":"BreadcrumbList","@id":"https:\/\/joyasconproposito.es\/producto\/luz-interior-collar-de-la-espiritualidad\/#breadcrumb","itemListElement":[{"@type":"ListItem","position":1,"name":"Portada","item":"https:\/\/joyasconproposito.es\/"},{"@type":"ListItem","position":2,"name":"Tienda","item":"https:\/\/joyasconproposito.es\/tienda\/"},{"@type":"ListItem","position":3,"name":"\u201cLuz Interior\u201d collar de la Espiritualidad"}]},{"@type":"WebSite","@id":"https:\/\/joyasconproposito.es\/#website","url":"https:\/\/joyasconproposito.es\/","name":"Joyas con Prop&oacute;sito","description":"Joyas con Prop&oacute;sito - Mineraliano","potentialAction":[{"@type":"SearchAction","target":{"@type":"EntryPoint","urlTemplate":"https:\/\/joyasconproposito.es\/?s={search_term_string}"},"query-input":{"@type":"PropertyValueSpecification","valueRequired":true,"valueName":"search_term_string"}}],"inLanguage":"en-GB"}]}},"_links":{"self":[{"href":"https:\/\/joyasconproposito.es\/en\/wp-json\/wp\/v2\/product\/100106","targetHints":{"allow":["GET"]}}],"collection":[{"href":"https:\/\/joyasconproposito.es\/en\/wp-json\/wp\/v2\/product"}],"about":[{"href":"https:\/\/joyasconproposito.es\/en\/wp-json\/wp\/v2\/types\/product"}],"replies":[{"embeddable":true,"href":"https:\/\/joyasconproposito.es\/en\/wp-json\/wp\/v2\/comments?post=100106"}],"wp:featuredmedia":[{"embeddable":true,"href":"https:\/\/joyasconproposito.es\/en\/wp-json\/wp\/v2\/media\/100108"}],"wp:attachment":[{"href":"https:\/\/joyasconproposito.es\/en\/wp-json\/wp\/v2\/media?parent=100106"}],"wp:term":[{"taxonomy":"product_brand","embeddable":true,"href":"https:\/\/joyasconproposito.es\/en\/wp-json\/wp\/v2\/product_brand?post=100106"},{"taxonomy":"product_cat","embeddable":true,"href":"https:\/\/joyasconproposito.es\/en\/wp-json\/wp\/v2\/product_cat?post=100106"},{"taxonomy":"product_tag","embeddable":true,"href":"https:\/\/joyasconproposito.es\/en\/wp-json\/wp\/v2\/product_tag?post=100106"}],"curies":[{"name":"wp","href":"https:\/\/api.w.org\/{rel}","templated":true}]}}