{"id":100111,"date":"2026-02-13T09:56:57","date_gmt":"2026-02-13T09:56:57","guid":{"rendered":"https:\/\/joyasconproposito.es\/?post_type=product&#038;p=100111"},"modified":"2026-02-13T09:58:01","modified_gmt":"2026-02-13T09:58:01","slug":"amor-raiz-collar-del-amor","status":"publish","type":"product","link":"https:\/\/joyasconproposito.es\/en\/product\/amor-raiz-collar-del-amor\/","title":{"rendered":"\u201cAmor Ra\u00edz\u201d Collar del Amor"},"content":{"rendered":"<p><strong>Un talism\u00e1n para habitar el amor con ra\u00edces profundas, alma clara y coraz\u00f3n abierto. Este collar es un llamado a vivir desde el coraz\u00f3n. Un recordatorio suave y poderoso de que el amor no es solo una emoci\u00f3n: es una elecci\u00f3n, una ra\u00edz y una energ\u00eda que te sostiene. Este collar es para quienes quieren amar sin miedo, vivir con el coraz\u00f3n abierto y caminar en armon\u00eda con lo que son.<\/strong><\/p>\n<p><span style=\"font-weight: 400;\">Caracter\u00edsticas (material, talla, etc.):<\/span><span style=\"font-weight: 400;\"> piedras y gemas naturales. Enganche de acero inoxidable. Hilo tipo nailon. Cuentas de 6\u201d. Disponible en 42cm y 50cm.<\/span><\/p>\n<p><span style=\"font-weight: 400;\">Cuarzo rosa abre el coraz\u00f3n con ternura y te ense\u00f1a a amarte primero a ti.<\/span><\/p>\n<p><span style=\"font-weight: 400;\">Cuarzo cristal amplifica tu luz interior y mantiene clara tu intenci\u00f3n amorosa.<\/span><\/p>\n<p><span style=\"font-weight: 400;\">Amatista calma tu mente y eleva tu sentir hacia lo sagrado.<\/span><\/p>\n<p><span style=\"font-weight: 400;\">Piedra luna despierta la sensibilidad y la intuici\u00f3n emocional que habita en ti.<\/span><\/p>\n<p><span style=\"font-weight: 400;\">Selenita purifica tu campo energ\u00e9tico, creando un espacio limpio donde el amor puede florecer.<\/span><\/p>\n<p><span style=\"font-weight: 400;\">\u00c1gata \u00e1rbol te recuerda que el amor tambi\u00e9n necesita ra\u00edces: crecer con paciencia, cuidado y conexi\u00f3n con la tierra.<\/span><\/p>","protected":false},"excerpt":{"rendered":"<p><span style=\"font-weight: 400;\"><strong>Un talism\u00e1n para habitar el amor con ra\u00edces profundas, alma clara y coraz\u00f3n abierto. Este collar es un llamado a vivir desde el coraz\u00f3n. Un recordatorio suave y poderoso de que el amor no es solo una emoci\u00f3n: es una elecci\u00f3n, una ra\u00edz y una energ\u00eda que te sostiene. Este collar es para quienes quieren amar sin miedo, vivir con el coraz\u00f3n abierto y caminar en armon\u00eda con lo que son<\/strong>.<\/span><\/p>\n<p><span style=\"font-weight: 400;\">Caracter\u00edsticas (material, talla, etc.):<\/span><span style=\"font-weight: 400;\"> piedras y gemas naturales. Enganche de acero inoxidable. Hilo tipo nailon. Cuentas de 6\u201d. Disponible en 42cm y 50cm.<\/span><\/p>\n<p><span style=\"font-weight: 400;\">Cuarzo rosa abre el coraz\u00f3n con ternura y te ense\u00f1a a amarte primero a ti.<\/span><\/p>\n<p><span style=\"font-weight: 400;\">Cuarzo cristal amplifica tu luz interior y mantiene clara tu intenci\u00f3n amorosa.<\/span><\/p>\n<p><span style=\"font-weight: 400;\">Amatista calma tu mente y eleva tu sentir hacia lo sagrado.<\/span><\/p>\n<p><span style=\"font-weight: 400;\">Piedra luna despierta la sensibilidad y la intuici\u00f3n emocional que habita en ti.<\/span><\/p>\n<p><span style=\"font-weight: 400;\">Selenita purifica tu campo energ\u00e9tico, creando un espacio limpio donde el amor puede florecer.<\/span><\/p>\n<p><span style=\"font-weight: 400;\">\u00c1gata \u00e1rbol te recuerda que el amor tambi\u00e9n necesita ra\u00edces: crecer con paciencia, cuidado y conexi\u00f3n con la tierra.<\/span><\/p>","protected":false},"featured_media":100115,"comment_status":"open","ping_status":"closed","template":"","meta":{"_et_pb_use_builder":"off","_et_pb_old_content":"Joya 1","_et_gb_content_width":""},"product_brand":[24],"product_cat":[27],"product_tag":[25],"class_list":{"0":"post-100111","1":"product","2":"type-product","3":"status-publish","4":"has-post-thumbnail","6":"product_brand-mineraliano","7":"product_cat-joyas-de-poder","8":"product_tag-pulseras","10":"first","11":"instock","12":"shipping-taxable","13":"purchasable","14":"product-type-simple"},"yoast_head":"<!-- This site is optimized with the Yoast SEO plugin v27.2 - https:\/\/yoast.com\/product\/yoast-seo-wordpress\/ -->\n<title>\u201cAmor Ra\u00edz\u201d Collar del Amor - Joyas con Prop&oacute;sito<\/title>\n<meta name=\"description\" content=\"\u201cAmor Ra\u00edz\u201d Collar del Amor\" \/>\n<meta name=\"robots\" content=\"index, follow, max-snippet:-1, max-image-preview:large, max-video-preview:-1\" \/>\n<link rel=\"canonical\" href=\"https:\/\/joyasconproposito.es\/en\/product\/amor-raiz-collar-del-amor\/\" \/>\n<meta property=\"og:locale\" content=\"en_GB\" \/>\n<meta property=\"og:type\" content=\"article\" \/>\n<meta property=\"og:title\" content=\"\u201cAmor Ra\u00edz\u201d Collar del Amor - Joyas con Prop&oacute;sito\" \/>\n<meta property=\"og:description\" content=\"\u201cAmor Ra\u00edz\u201d Collar del Amor\" \/>\n<meta property=\"og:url\" content=\"https:\/\/joyasconproposito.es\/en\/product\/amor-raiz-collar-del-amor\/\" \/>\n<meta property=\"og:site_name\" content=\"Joyas con Prop&oacute;sito\" \/>\n<meta property=\"article:modified_time\" content=\"2026-02-13T09:58:01+00:00\" \/>\n<meta property=\"og:image\" content=\"https:\/\/joyasconproposito.es\/wp-content\/uploads\/2026\/02\/jaume-70-1-1-scaled.jpg\" \/>\n\t<meta property=\"og:image:width\" content=\"1707\" \/>\n\t<meta property=\"og:image:height\" content=\"2560\" \/>\n\t<meta property=\"og:image:type\" content=\"image\/jpeg\" \/>\n<meta name=\"twitter:card\" content=\"summary_large_image\" \/>\n<meta name=\"twitter:label1\" content=\"Estimated reading time\" \/>\n\t<meta name=\"twitter:data1\" content=\"2 minutes\" \/>\n<script type=\"application\/ld+json\" class=\"yoast-schema-graph\">{\"@context\":\"https:\/\/schema.org\",\"@graph\":[{\"@type\":\"WebPage\",\"@id\":\"https:\/\/joyasconproposito.es\/producto\/amor-raiz-collar-del-amor\/\",\"url\":\"https:\/\/joyasconproposito.es\/producto\/amor-raiz-collar-del-amor\/\",\"name\":\"\u201cAmor Ra\u00edz\u201d Collar del Amor - Joyas con Prop&oacute;sito\",\"isPartOf\":{\"@id\":\"https:\/\/joyasconproposito.es\/#website\"},\"primaryImageOfPage\":{\"@id\":\"https:\/\/joyasconproposito.es\/producto\/amor-raiz-collar-del-amor\/#primaryimage\"},\"image\":{\"@id\":\"https:\/\/joyasconproposito.es\/producto\/amor-raiz-collar-del-amor\/#primaryimage\"},\"thumbnailUrl\":\"https:\/\/joyasconproposito.es\/wp-content\/uploads\/2026\/02\/jaume-70-1-1-scaled.jpg\",\"datePublished\":\"2026-02-13T09:56:57+00:00\",\"dateModified\":\"2026-02-13T09:58:01+00:00\",\"description\":\"\u201cAmor Ra\u00edz\u201d Collar del Amor\",\"breadcrumb\":{\"@id\":\"https:\/\/joyasconproposito.es\/producto\/amor-raiz-collar-del-amor\/#breadcrumb\"},\"inLanguage\":\"en-GB\",\"potentialAction\":[{\"@type\":\"ReadAction\",\"target\":[\"https:\/\/joyasconproposito.es\/producto\/amor-raiz-collar-del-amor\/\"]}]},{\"@type\":\"ImageObject\",\"inLanguage\":\"en-GB\",\"@id\":\"https:\/\/joyasconproposito.es\/producto\/amor-raiz-collar-del-amor\/#primaryimage\",\"url\":\"https:\/\/joyasconproposito.es\/wp-content\/uploads\/2026\/02\/jaume-70-1-1-scaled.jpg\",\"contentUrl\":\"https:\/\/joyasconproposito.es\/wp-content\/uploads\/2026\/02\/jaume-70-1-1-scaled.jpg\",\"width\":1707,\"height\":2560},{\"@type\":\"BreadcrumbList\",\"@id\":\"https:\/\/joyasconproposito.es\/producto\/amor-raiz-collar-del-amor\/#breadcrumb\",\"itemListElement\":[{\"@type\":\"ListItem\",\"position\":1,\"name\":\"Portada\",\"item\":\"https:\/\/joyasconproposito.es\/\"},{\"@type\":\"ListItem\",\"position\":2,\"name\":\"Tienda\",\"item\":\"https:\/\/joyasconproposito.es\/tienda\/\"},{\"@type\":\"ListItem\",\"position\":3,\"name\":\"\u201cAmor Ra\u00edz\u201d Collar del Amor\"}]},{\"@type\":\"WebSite\",\"@id\":\"https:\/\/joyasconproposito.es\/#website\",\"url\":\"https:\/\/joyasconproposito.es\/\",\"name\":\"Joyas con Prop&oacute;sito\",\"description\":\"Joyas con Prop&oacute;sito - Mineraliano\",\"potentialAction\":[{\"@type\":\"SearchAction\",\"target\":{\"@type\":\"EntryPoint\",\"urlTemplate\":\"https:\/\/joyasconproposito.es\/?s={search_term_string}\"},\"query-input\":{\"@type\":\"PropertyValueSpecification\",\"valueRequired\":true,\"valueName\":\"search_term_string\"}}],\"inLanguage\":\"en-GB\"}]}<\/script>\n<!-- \/ Yoast SEO plugin. -->","yoast_head_json":{"title":"\u201cAmor Ra\u00edz\u201d Collar del Amor - Joyas con Prop&oacute;sito","description":"\u201cAmor Ra\u00edz\u201d Collar del Amor","robots":{"index":"index","follow":"follow","max-snippet":"max-snippet:-1","max-image-preview":"max-image-preview:large","max-video-preview":"max-video-preview:-1"},"canonical":"https:\/\/joyasconproposito.es\/en\/product\/amor-raiz-collar-del-amor\/","og_locale":"en_GB","og_type":"article","og_title":"\u201cAmor Ra\u00edz\u201d Collar del Amor - Joyas con Prop&oacute;sito","og_description":"\u201cAmor Ra\u00edz\u201d Collar del Amor","og_url":"https:\/\/joyasconproposito.es\/en\/product\/amor-raiz-collar-del-amor\/","og_site_name":"Joyas con Prop&oacute;sito","article_modified_time":"2026-02-13T09:58:01+00:00","og_image":[{"width":1707,"height":2560,"url":"https:\/\/joyasconproposito.es\/wp-content\/uploads\/2026\/02\/jaume-70-1-1-scaled.jpg","type":"image\/jpeg"}],"twitter_card":"summary_large_image","twitter_misc":{"Estimated reading time":"2 minutes"},"schema":{"@context":"https:\/\/schema.org","@graph":[{"@type":"WebPage","@id":"https:\/\/joyasconproposito.es\/producto\/amor-raiz-collar-del-amor\/","url":"https:\/\/joyasconproposito.es\/producto\/amor-raiz-collar-del-amor\/","name":"\u201cAmor Ra\u00edz\u201d Collar del Amor - Joyas con Prop&oacute;sito","isPartOf":{"@id":"https:\/\/joyasconproposito.es\/#website"},"primaryImageOfPage":{"@id":"https:\/\/joyasconproposito.es\/producto\/amor-raiz-collar-del-amor\/#primaryimage"},"image":{"@id":"https:\/\/joyasconproposito.es\/producto\/amor-raiz-collar-del-amor\/#primaryimage"},"thumbnailUrl":"https:\/\/joyasconproposito.es\/wp-content\/uploads\/2026\/02\/jaume-70-1-1-scaled.jpg","datePublished":"2026-02-13T09:56:57+00:00","dateModified":"2026-02-13T09:58:01+00:00","description":"\u201cAmor Ra\u00edz\u201d Collar del Amor","breadcrumb":{"@id":"https:\/\/joyasconproposito.es\/producto\/amor-raiz-collar-del-amor\/#breadcrumb"},"inLanguage":"en-GB","potentialAction":[{"@type":"ReadAction","target":["https:\/\/joyasconproposito.es\/producto\/amor-raiz-collar-del-amor\/"]}]},{"@type":"ImageObject","inLanguage":"en-GB","@id":"https:\/\/joyasconproposito.es\/producto\/amor-raiz-collar-del-amor\/#primaryimage","url":"https:\/\/joyasconproposito.es\/wp-content\/uploads\/2026\/02\/jaume-70-1-1-scaled.jpg","contentUrl":"https:\/\/joyasconproposito.es\/wp-content\/uploads\/2026\/02\/jaume-70-1-1-scaled.jpg","width":1707,"height":2560},{"@type":"BreadcrumbList","@id":"https:\/\/joyasconproposito.es\/producto\/amor-raiz-collar-del-amor\/#breadcrumb","itemListElement":[{"@type":"ListItem","position":1,"name":"Portada","item":"https:\/\/joyasconproposito.es\/"},{"@type":"ListItem","position":2,"name":"Tienda","item":"https:\/\/joyasconproposito.es\/tienda\/"},{"@type":"ListItem","position":3,"name":"\u201cAmor Ra\u00edz\u201d Collar del Amor"}]},{"@type":"WebSite","@id":"https:\/\/joyasconproposito.es\/#website","url":"https:\/\/joyasconproposito.es\/","name":"Joyas con Prop&oacute;sito","description":"Joyas con Prop&oacute;sito - Mineraliano","potentialAction":[{"@type":"SearchAction","target":{"@type":"EntryPoint","urlTemplate":"https:\/\/joyasconproposito.es\/?s={search_term_string}"},"query-input":{"@type":"PropertyValueSpecification","valueRequired":true,"valueName":"search_term_string"}}],"inLanguage":"en-GB"}]}},"_links":{"self":[{"href":"https:\/\/joyasconproposito.es\/en\/wp-json\/wp\/v2\/product\/100111","targetHints":{"allow":["GET"]}}],"collection":[{"href":"https:\/\/joyasconproposito.es\/en\/wp-json\/wp\/v2\/product"}],"about":[{"href":"https:\/\/joyasconproposito.es\/en\/wp-json\/wp\/v2\/types\/product"}],"replies":[{"embeddable":true,"href":"https:\/\/joyasconproposito.es\/en\/wp-json\/wp\/v2\/comments?post=100111"}],"wp:featuredmedia":[{"embeddable":true,"href":"https:\/\/joyasconproposito.es\/en\/wp-json\/wp\/v2\/media\/100115"}],"wp:attachment":[{"href":"https:\/\/joyasconproposito.es\/en\/wp-json\/wp\/v2\/media?parent=100111"}],"wp:term":[{"taxonomy":"product_brand","embeddable":true,"href":"https:\/\/joyasconproposito.es\/en\/wp-json\/wp\/v2\/product_brand?post=100111"},{"taxonomy":"product_cat","embeddable":true,"href":"https:\/\/joyasconproposito.es\/en\/wp-json\/wp\/v2\/product_cat?post=100111"},{"taxonomy":"product_tag","embeddable":true,"href":"https:\/\/joyasconproposito.es\/en\/wp-json\/wp\/v2\/product_tag?post=100111"}],"curies":[{"name":"wp","href":"https:\/\/api.w.org\/{rel}","templated":true}]}}