{"id":100122,"date":"2026-02-19T21:59:03","date_gmt":"2026-02-19T21:59:03","guid":{"rendered":"https:\/\/joyasconproposito.es\/?post_type=product&#038;p=100122"},"modified":"2026-02-19T21:59:15","modified_gmt":"2026-02-19T21:59:15","slug":"corona-de-luz-conexion-elevacion-y-silencio-interior","status":"publish","type":"product","link":"https:\/\/joyasconproposito.es\/en\/product\/corona-de-luz-conexion-elevacion-y-silencio-interior\/","title":{"rendered":"\u201cCorona de Luz\u201d Conexi\u00f3n, Elevaci\u00f3n y Silencio Interior"},"content":{"rendered":"<p><strong>Este collar activa y armoniza el chakra corona, centro de la conexi\u00f3n con lo divino y la comprensi\u00f3n trascendente. Es un anclaje sutil para quienes meditan, canalizan, buscan la contemplaci\u00f3n o desean recordar su unidad con el Todo. Ideal para pr\u00e1cticas espirituales profundas, terapeutas energ\u00e9ticos o simplemente para quien anhela vivir desde una conciencia m\u00e1s elevada y luminosa.<\/strong><\/p>\n<p><span style=\"font-weight: 400;\">Caracter\u00edsticas (material, talla, etc.):<\/span><span style=\"font-weight: 400;\"> piedras y gemas naturales. Enganche de acero inoxidable. Hilo tipo nailon. Cuentas de 6\u201d. Disponible en 42cm y 50cm.<\/span><\/p>\n<p><span style=\"font-weight: 400;\">Selenita \u2013 Facilita la conexi\u00f3n con planos superiores y la energ\u00eda angelical.<\/span><\/p>\n<p><span style=\"font-weight: 400;\">Cuarzo Cristal \u2013 Armoniza todas las piedras y eleva la conciencia.<\/span><\/p>\n<p><span style=\"font-weight: 400;\">Fluorita \u2013 Refuerza la conexi\u00f3n con la sabidur\u00eda universal.<\/span><\/p>\n<p><span style=\"font-weight: 400;\">Piedra Luna \u2013 Conecta la energ\u00eda femenina sutil y el misterio del alma.<\/span><\/p>\n<p><span style=\"font-weight: 400;\">Cuarzo Rutilado \u2013 Aporta luz interior, manifestaci\u00f3n espiritual y claridad mental.<\/span><\/p>\n<p><span style=\"font-weight: 400;\">Labradorita \u2013 Protege y sintoniza con la conciencia m\u00edstica y las dimensiones m\u00e1s elevadas.<\/span><\/p>","protected":false},"excerpt":{"rendered":"<p><strong>Este collar activa y armoniza el chakra corona, centro de la conexi\u00f3n con lo divino y la comprensi\u00f3n trascendente. Es un anclaje sutil para quienes meditan, canalizan, buscan la contemplaci\u00f3n o desean recordar su unidad con el Todo. Ideal para pr\u00e1cticas espirituales profundas, terapeutas energ\u00e9ticos o simplemente para quien anhela vivir desde una conciencia m\u00e1s elevada y luminosa.<\/strong><\/p>\n<p><span style=\"font-weight: 400;\">Caracter\u00edsticas (material, talla, etc.):<\/span><span style=\"font-weight: 400;\"> piedras y gemas naturales. Enganche de acero inoxidable. Hilo tipo nailon. Cuentas de 6\u201d. Disponible en 42cm y 50cm.<\/span><\/p>\n<p><span style=\"font-weight: 400;\">Selenita \u2013 Facilita la conexi\u00f3n con planos superiores y la energ\u00eda angelical.<\/span><\/p>\n<p><span style=\"font-weight: 400;\">Cuarzo Cristal \u2013 Armoniza todas las piedras y eleva la conciencia.<\/span><\/p>\n<p><span style=\"font-weight: 400;\">Fluorita \u2013 Refuerza la conexi\u00f3n con la sabidur\u00eda universal.<\/span><\/p>\n<p><span style=\"font-weight: 400;\">Piedra Luna \u2013 Conecta la energ\u00eda femenina sutil y el misterio del alma.<\/span><\/p>\n<p><span style=\"font-weight: 400;\">Cuarzo Rutilado \u2013 Aporta luz interior, manifestaci\u00f3n espiritual y claridad mental.<\/span><\/p>\n<p><span style=\"font-weight: 400;\">Labradorita \u2013 Protege y sintoniza con la conciencia m\u00edstica y las dimensiones m\u00e1s elevadas.<\/span><\/p>","protected":false},"featured_media":100123,"comment_status":"open","ping_status":"closed","template":"","meta":{"_et_pb_use_builder":"off","_et_pb_old_content":"Joya 1","_et_gb_content_width":""},"product_brand":[24],"product_cat":[26],"product_tag":[25],"class_list":{"0":"post-100122","1":"product","2":"type-product","3":"status-publish","4":"has-post-thumbnail","6":"product_brand-mineraliano","7":"product_cat-coleccion-chakras","8":"product_tag-pulseras","10":"first","11":"instock","12":"shipping-taxable","13":"purchasable","14":"product-type-simple"},"yoast_head":"<!-- This site is optimized with the Yoast SEO plugin v27.2 - https:\/\/yoast.com\/product\/yoast-seo-wordpress\/ -->\n<title>\u201cCorona de Luz\u201d Conexi\u00f3n, Elevaci\u00f3n y Silencio Interior - Joyas con Prop&oacute;sito<\/title>\n<meta name=\"description\" content=\"\u201cCorona de Luz\u201d Conexi\u00f3n, Elevaci\u00f3n y Silencio Interior\" \/>\n<meta name=\"robots\" content=\"index, follow, max-snippet:-1, max-image-preview:large, max-video-preview:-1\" \/>\n<link rel=\"canonical\" href=\"https:\/\/joyasconproposito.es\/en\/product\/corona-de-luz-conexion-elevacion-y-silencio-interior\/\" \/>\n<meta property=\"og:locale\" content=\"en_GB\" \/>\n<meta property=\"og:type\" content=\"article\" \/>\n<meta property=\"og:title\" content=\"\u201cCorona de Luz\u201d Conexi\u00f3n, Elevaci\u00f3n y Silencio Interior - Joyas con Prop&oacute;sito\" \/>\n<meta property=\"og:description\" content=\"\u201cCorona de Luz\u201d Conexi\u00f3n, Elevaci\u00f3n y Silencio Interior\" \/>\n<meta property=\"og:url\" content=\"https:\/\/joyasconproposito.es\/en\/product\/corona-de-luz-conexion-elevacion-y-silencio-interior\/\" \/>\n<meta property=\"og:site_name\" content=\"Joyas con Prop&oacute;sito\" \/>\n<meta property=\"article:modified_time\" content=\"2026-02-19T21:59:15+00:00\" \/>\n<meta property=\"og:image\" content=\"https:\/\/joyasconproposito.es\/wp-content\/uploads\/2026\/02\/7.Producto-scaled.jpg\" \/>\n\t<meta property=\"og:image:width\" content=\"1707\" \/>\n\t<meta property=\"og:image:height\" content=\"2560\" \/>\n\t<meta property=\"og:image:type\" content=\"image\/jpeg\" \/>\n<meta name=\"twitter:card\" content=\"summary_large_image\" \/>\n<meta name=\"twitter:label1\" content=\"Estimated reading time\" \/>\n\t<meta name=\"twitter:data1\" content=\"1 minute\" \/>\n<script type=\"application\/ld+json\" class=\"yoast-schema-graph\">{\"@context\":\"https:\/\/schema.org\",\"@graph\":[{\"@type\":\"WebPage\",\"@id\":\"https:\/\/joyasconproposito.es\/producto\/corona-de-luz-conexion-elevacion-y-silencio-interior\/\",\"url\":\"https:\/\/joyasconproposito.es\/producto\/corona-de-luz-conexion-elevacion-y-silencio-interior\/\",\"name\":\"\u201cCorona de Luz\u201d Conexi\u00f3n, Elevaci\u00f3n y Silencio Interior - Joyas con Prop&oacute;sito\",\"isPartOf\":{\"@id\":\"https:\/\/joyasconproposito.es\/#website\"},\"primaryImageOfPage\":{\"@id\":\"https:\/\/joyasconproposito.es\/producto\/corona-de-luz-conexion-elevacion-y-silencio-interior\/#primaryimage\"},\"image\":{\"@id\":\"https:\/\/joyasconproposito.es\/producto\/corona-de-luz-conexion-elevacion-y-silencio-interior\/#primaryimage\"},\"thumbnailUrl\":\"https:\/\/joyasconproposito.es\/wp-content\/uploads\/2026\/02\/7.Producto-scaled.jpg\",\"datePublished\":\"2026-02-19T21:59:03+00:00\",\"dateModified\":\"2026-02-19T21:59:15+00:00\",\"description\":\"\u201cCorona de Luz\u201d Conexi\u00f3n, Elevaci\u00f3n y Silencio Interior\",\"breadcrumb\":{\"@id\":\"https:\/\/joyasconproposito.es\/producto\/corona-de-luz-conexion-elevacion-y-silencio-interior\/#breadcrumb\"},\"inLanguage\":\"en-GB\",\"potentialAction\":[{\"@type\":\"ReadAction\",\"target\":[\"https:\/\/joyasconproposito.es\/producto\/corona-de-luz-conexion-elevacion-y-silencio-interior\/\"]}]},{\"@type\":\"ImageObject\",\"inLanguage\":\"en-GB\",\"@id\":\"https:\/\/joyasconproposito.es\/producto\/corona-de-luz-conexion-elevacion-y-silencio-interior\/#primaryimage\",\"url\":\"https:\/\/joyasconproposito.es\/wp-content\/uploads\/2026\/02\/7.Producto-scaled.jpg\",\"contentUrl\":\"https:\/\/joyasconproposito.es\/wp-content\/uploads\/2026\/02\/7.Producto-scaled.jpg\",\"width\":1707,\"height\":2560},{\"@type\":\"BreadcrumbList\",\"@id\":\"https:\/\/joyasconproposito.es\/producto\/corona-de-luz-conexion-elevacion-y-silencio-interior\/#breadcrumb\",\"itemListElement\":[{\"@type\":\"ListItem\",\"position\":1,\"name\":\"Portada\",\"item\":\"https:\/\/joyasconproposito.es\/\"},{\"@type\":\"ListItem\",\"position\":2,\"name\":\"Tienda\",\"item\":\"https:\/\/joyasconproposito.es\/tienda\/\"},{\"@type\":\"ListItem\",\"position\":3,\"name\":\"\u201cCorona de Luz\u201d Conexi\u00f3n, Elevaci\u00f3n y Silencio Interior\"}]},{\"@type\":\"WebSite\",\"@id\":\"https:\/\/joyasconproposito.es\/#website\",\"url\":\"https:\/\/joyasconproposito.es\/\",\"name\":\"Joyas con Prop&oacute;sito\",\"description\":\"Joyas con Prop&oacute;sito - Mineraliano\",\"potentialAction\":[{\"@type\":\"SearchAction\",\"target\":{\"@type\":\"EntryPoint\",\"urlTemplate\":\"https:\/\/joyasconproposito.es\/?s={search_term_string}\"},\"query-input\":{\"@type\":\"PropertyValueSpecification\",\"valueRequired\":true,\"valueName\":\"search_term_string\"}}],\"inLanguage\":\"en-GB\"}]}<\/script>\n<!-- \/ Yoast SEO plugin. -->","yoast_head_json":{"title":"\u201cCorona de Luz\u201d Conexi\u00f3n, Elevaci\u00f3n y Silencio Interior - Joyas con Prop&oacute;sito","description":"\u201cCorona de Luz\u201d Conexi\u00f3n, Elevaci\u00f3n y Silencio Interior","robots":{"index":"index","follow":"follow","max-snippet":"max-snippet:-1","max-image-preview":"max-image-preview:large","max-video-preview":"max-video-preview:-1"},"canonical":"https:\/\/joyasconproposito.es\/en\/product\/corona-de-luz-conexion-elevacion-y-silencio-interior\/","og_locale":"en_GB","og_type":"article","og_title":"\u201cCorona de Luz\u201d Conexi\u00f3n, Elevaci\u00f3n y Silencio Interior - Joyas con Prop&oacute;sito","og_description":"\u201cCorona de Luz\u201d Conexi\u00f3n, Elevaci\u00f3n y Silencio Interior","og_url":"https:\/\/joyasconproposito.es\/en\/product\/corona-de-luz-conexion-elevacion-y-silencio-interior\/","og_site_name":"Joyas con Prop&oacute;sito","article_modified_time":"2026-02-19T21:59:15+00:00","og_image":[{"width":1707,"height":2560,"url":"https:\/\/joyasconproposito.es\/wp-content\/uploads\/2026\/02\/7.Producto-scaled.jpg","type":"image\/jpeg"}],"twitter_card":"summary_large_image","twitter_misc":{"Estimated reading time":"1 minute"},"schema":{"@context":"https:\/\/schema.org","@graph":[{"@type":"WebPage","@id":"https:\/\/joyasconproposito.es\/producto\/corona-de-luz-conexion-elevacion-y-silencio-interior\/","url":"https:\/\/joyasconproposito.es\/producto\/corona-de-luz-conexion-elevacion-y-silencio-interior\/","name":"\u201cCorona de Luz\u201d Conexi\u00f3n, Elevaci\u00f3n y Silencio Interior - Joyas con Prop&oacute;sito","isPartOf":{"@id":"https:\/\/joyasconproposito.es\/#website"},"primaryImageOfPage":{"@id":"https:\/\/joyasconproposito.es\/producto\/corona-de-luz-conexion-elevacion-y-silencio-interior\/#primaryimage"},"image":{"@id":"https:\/\/joyasconproposito.es\/producto\/corona-de-luz-conexion-elevacion-y-silencio-interior\/#primaryimage"},"thumbnailUrl":"https:\/\/joyasconproposito.es\/wp-content\/uploads\/2026\/02\/7.Producto-scaled.jpg","datePublished":"2026-02-19T21:59:03+00:00","dateModified":"2026-02-19T21:59:15+00:00","description":"\u201cCorona de Luz\u201d Conexi\u00f3n, Elevaci\u00f3n y Silencio Interior","breadcrumb":{"@id":"https:\/\/joyasconproposito.es\/producto\/corona-de-luz-conexion-elevacion-y-silencio-interior\/#breadcrumb"},"inLanguage":"en-GB","potentialAction":[{"@type":"ReadAction","target":["https:\/\/joyasconproposito.es\/producto\/corona-de-luz-conexion-elevacion-y-silencio-interior\/"]}]},{"@type":"ImageObject","inLanguage":"en-GB","@id":"https:\/\/joyasconproposito.es\/producto\/corona-de-luz-conexion-elevacion-y-silencio-interior\/#primaryimage","url":"https:\/\/joyasconproposito.es\/wp-content\/uploads\/2026\/02\/7.Producto-scaled.jpg","contentUrl":"https:\/\/joyasconproposito.es\/wp-content\/uploads\/2026\/02\/7.Producto-scaled.jpg","width":1707,"height":2560},{"@type":"BreadcrumbList","@id":"https:\/\/joyasconproposito.es\/producto\/corona-de-luz-conexion-elevacion-y-silencio-interior\/#breadcrumb","itemListElement":[{"@type":"ListItem","position":1,"name":"Portada","item":"https:\/\/joyasconproposito.es\/"},{"@type":"ListItem","position":2,"name":"Tienda","item":"https:\/\/joyasconproposito.es\/tienda\/"},{"@type":"ListItem","position":3,"name":"\u201cCorona de Luz\u201d Conexi\u00f3n, Elevaci\u00f3n y Silencio Interior"}]},{"@type":"WebSite","@id":"https:\/\/joyasconproposito.es\/#website","url":"https:\/\/joyasconproposito.es\/","name":"Joyas con Prop&oacute;sito","description":"Joyas con Prop&oacute;sito - Mineraliano","potentialAction":[{"@type":"SearchAction","target":{"@type":"EntryPoint","urlTemplate":"https:\/\/joyasconproposito.es\/?s={search_term_string}"},"query-input":{"@type":"PropertyValueSpecification","valueRequired":true,"valueName":"search_term_string"}}],"inLanguage":"en-GB"}]}},"_links":{"self":[{"href":"https:\/\/joyasconproposito.es\/en\/wp-json\/wp\/v2\/product\/100122","targetHints":{"allow":["GET"]}}],"collection":[{"href":"https:\/\/joyasconproposito.es\/en\/wp-json\/wp\/v2\/product"}],"about":[{"href":"https:\/\/joyasconproposito.es\/en\/wp-json\/wp\/v2\/types\/product"}],"replies":[{"embeddable":true,"href":"https:\/\/joyasconproposito.es\/en\/wp-json\/wp\/v2\/comments?post=100122"}],"wp:featuredmedia":[{"embeddable":true,"href":"https:\/\/joyasconproposito.es\/en\/wp-json\/wp\/v2\/media\/100123"}],"wp:attachment":[{"href":"https:\/\/joyasconproposito.es\/en\/wp-json\/wp\/v2\/media?parent=100122"}],"wp:term":[{"taxonomy":"product_brand","embeddable":true,"href":"https:\/\/joyasconproposito.es\/en\/wp-json\/wp\/v2\/product_brand?post=100122"},{"taxonomy":"product_cat","embeddable":true,"href":"https:\/\/joyasconproposito.es\/en\/wp-json\/wp\/v2\/product_cat?post=100122"},{"taxonomy":"product_tag","embeddable":true,"href":"https:\/\/joyasconproposito.es\/en\/wp-json\/wp\/v2\/product_tag?post=100122"}],"curies":[{"name":"wp","href":"https:\/\/api.w.org\/{rel}","templated":true}]}}