{"id":100154,"date":"2026-03-27T18:49:43","date_gmt":"2026-03-27T18:49:43","guid":{"rendered":"https:\/\/joyasconproposito.es\/?post_type=product&#038;p=100154"},"modified":"2026-03-27T18:49:43","modified_gmt":"2026-03-27T18:49:43","slug":"pulsera-crisocola","status":"publish","type":"product","link":"https:\/\/joyasconproposito.es\/en\/product\/pulsera-crisocola\/","title":{"rendered":"Pulsera Cris\u00f3cola"},"content":{"rendered":"<p><strong>Calma y Comunicaci\u00f3n. Aporta serenidad emocional y favorece una expresi\u00f3n aut\u00e9ntica y consciente.<\/strong><\/p>\n<p>Caracter\u00edsticas (material, talla, etc.): Piedras y gemas naturales de alta calidad. Hilo el\u00e1stico.<br \/>\nCuentas de 6\u201d. Disponible en 17,5cm y 19,5<\/p>","protected":false},"excerpt":{"rendered":"<p><strong>Calma y Comunicaci\u00f3n. Aporta serenidad emocional y favorece una expresi\u00f3n aut\u00e9ntica y consciente.<\/strong><\/p>\n<p>Caracter\u00edsticas (material, talla, etc.): Piedras y gemas naturales de alta calidad. Hilo el\u00e1stico.<br \/>\nCuentas de 6\u201d. Disponible en 17,5cm y 19,5<\/p>","protected":false},"featured_media":100156,"comment_status":"open","ping_status":"closed","template":"","meta":{"_et_pb_use_builder":"off","_et_pb_old_content":"Joya 1","_et_gb_content_width":""},"product_brand":[29],"product_cat":[23],"product_tag":[25],"class_list":{"0":"post-100154","1":"product","2":"type-product","3":"status-publish","4":"has-post-thumbnail","6":"product_brand-mercadillo","7":"product_cat-pulseras","8":"product_tag-pulseras","10":"first","11":"instock","12":"shipping-taxable","13":"purchasable","14":"product-type-simple"},"yoast_head":"<!-- This site is optimized with the Yoast SEO plugin v27.2 - https:\/\/yoast.com\/product\/yoast-seo-wordpress\/ -->\n<title>Pulsera Cris\u00f3cola - Joyas con Prop&oacute;sito<\/title>\n<meta name=\"description\" content=\"Pulsera Cris\u00f3cola\" \/>\n<meta name=\"robots\" content=\"index, follow, max-snippet:-1, max-image-preview:large, max-video-preview:-1\" \/>\n<link rel=\"canonical\" href=\"https:\/\/joyasconproposito.es\/en\/product\/pulsera-crisocola\/\" \/>\n<meta property=\"og:locale\" content=\"en_GB\" \/>\n<meta property=\"og:type\" content=\"article\" \/>\n<meta property=\"og:title\" content=\"Pulsera Cris\u00f3cola - Joyas con Prop&oacute;sito\" \/>\n<meta property=\"og:description\" content=\"Pulsera Cris\u00f3cola\" \/>\n<meta property=\"og:url\" content=\"https:\/\/joyasconproposito.es\/en\/product\/pulsera-crisocola\/\" \/>\n<meta property=\"og:site_name\" content=\"Joyas con Prop&oacute;sito\" \/>\n<meta property=\"og:image\" content=\"https:\/\/joyasconproposito.es\/wp-content\/uploads\/2026\/03\/19.prod_-1-scaled.jpg\" \/>\n\t<meta property=\"og:image:width\" content=\"1920\" \/>\n\t<meta property=\"og:image:height\" content=\"2560\" \/>\n\t<meta property=\"og:image:type\" content=\"image\/jpeg\" \/>\n<meta name=\"twitter:card\" content=\"summary_large_image\" \/>\n<meta name=\"twitter:label1\" content=\"Estimated reading time\" \/>\n\t<meta name=\"twitter:data1\" content=\"1 minute\" \/>\n<script type=\"application\/ld+json\" class=\"yoast-schema-graph\">{\"@context\":\"https:\/\/schema.org\",\"@graph\":[{\"@type\":\"WebPage\",\"@id\":\"https:\/\/joyasconproposito.es\/producto\/pulsera-crisocola\/\",\"url\":\"https:\/\/joyasconproposito.es\/producto\/pulsera-crisocola\/\",\"name\":\"Pulsera Cris\u00f3cola - Joyas con Prop&oacute;sito\",\"isPartOf\":{\"@id\":\"https:\/\/joyasconproposito.es\/#website\"},\"primaryImageOfPage\":{\"@id\":\"https:\/\/joyasconproposito.es\/producto\/pulsera-crisocola\/#primaryimage\"},\"image\":{\"@id\":\"https:\/\/joyasconproposito.es\/producto\/pulsera-crisocola\/#primaryimage\"},\"thumbnailUrl\":\"https:\/\/joyasconproposito.es\/wp-content\/uploads\/2026\/03\/19.prod_-1-scaled.jpg\",\"datePublished\":\"2026-03-27T18:49:43+00:00\",\"description\":\"Pulsera Cris\u00f3cola\",\"breadcrumb\":{\"@id\":\"https:\/\/joyasconproposito.es\/producto\/pulsera-crisocola\/#breadcrumb\"},\"inLanguage\":\"en-GB\",\"potentialAction\":[{\"@type\":\"ReadAction\",\"target\":[\"https:\/\/joyasconproposito.es\/producto\/pulsera-crisocola\/\"]}]},{\"@type\":\"ImageObject\",\"inLanguage\":\"en-GB\",\"@id\":\"https:\/\/joyasconproposito.es\/producto\/pulsera-crisocola\/#primaryimage\",\"url\":\"https:\/\/joyasconproposito.es\/wp-content\/uploads\/2026\/03\/19.prod_-1-scaled.jpg\",\"contentUrl\":\"https:\/\/joyasconproposito.es\/wp-content\/uploads\/2026\/03\/19.prod_-1-scaled.jpg\",\"width\":1920,\"height\":2560},{\"@type\":\"BreadcrumbList\",\"@id\":\"https:\/\/joyasconproposito.es\/producto\/pulsera-crisocola\/#breadcrumb\",\"itemListElement\":[{\"@type\":\"ListItem\",\"position\":1,\"name\":\"Portada\",\"item\":\"https:\/\/joyasconproposito.es\/\"},{\"@type\":\"ListItem\",\"position\":2,\"name\":\"Tienda\",\"item\":\"https:\/\/joyasconproposito.es\/tienda\/\"},{\"@type\":\"ListItem\",\"position\":3,\"name\":\"Pulsera Cris\u00f3cola\"}]},{\"@type\":\"WebSite\",\"@id\":\"https:\/\/joyasconproposito.es\/#website\",\"url\":\"https:\/\/joyasconproposito.es\/\",\"name\":\"Joyas con Prop&oacute;sito\",\"description\":\"Joyas con Prop&oacute;sito - Mineraliano\",\"potentialAction\":[{\"@type\":\"SearchAction\",\"target\":{\"@type\":\"EntryPoint\",\"urlTemplate\":\"https:\/\/joyasconproposito.es\/?s={search_term_string}\"},\"query-input\":{\"@type\":\"PropertyValueSpecification\",\"valueRequired\":true,\"valueName\":\"search_term_string\"}}],\"inLanguage\":\"en-GB\"}]}<\/script>\n<!-- \/ Yoast SEO plugin. -->","yoast_head_json":{"title":"Pulsera Cris\u00f3cola - Joyas con Prop&oacute;sito","description":"Pulsera Cris\u00f3cola","robots":{"index":"index","follow":"follow","max-snippet":"max-snippet:-1","max-image-preview":"max-image-preview:large","max-video-preview":"max-video-preview:-1"},"canonical":"https:\/\/joyasconproposito.es\/en\/product\/pulsera-crisocola\/","og_locale":"en_GB","og_type":"article","og_title":"Pulsera Cris\u00f3cola - Joyas con Prop&oacute;sito","og_description":"Pulsera Cris\u00f3cola","og_url":"https:\/\/joyasconproposito.es\/en\/product\/pulsera-crisocola\/","og_site_name":"Joyas con Prop&oacute;sito","og_image":[{"width":1920,"height":2560,"url":"https:\/\/joyasconproposito.es\/wp-content\/uploads\/2026\/03\/19.prod_-1-scaled.jpg","type":"image\/jpeg"}],"twitter_card":"summary_large_image","twitter_misc":{"Estimated reading time":"1 minute"},"schema":{"@context":"https:\/\/schema.org","@graph":[{"@type":"WebPage","@id":"https:\/\/joyasconproposito.es\/producto\/pulsera-crisocola\/","url":"https:\/\/joyasconproposito.es\/producto\/pulsera-crisocola\/","name":"Pulsera Cris\u00f3cola - Joyas con Prop&oacute;sito","isPartOf":{"@id":"https:\/\/joyasconproposito.es\/#website"},"primaryImageOfPage":{"@id":"https:\/\/joyasconproposito.es\/producto\/pulsera-crisocola\/#primaryimage"},"image":{"@id":"https:\/\/joyasconproposito.es\/producto\/pulsera-crisocola\/#primaryimage"},"thumbnailUrl":"https:\/\/joyasconproposito.es\/wp-content\/uploads\/2026\/03\/19.prod_-1-scaled.jpg","datePublished":"2026-03-27T18:49:43+00:00","description":"Pulsera Cris\u00f3cola","breadcrumb":{"@id":"https:\/\/joyasconproposito.es\/producto\/pulsera-crisocola\/#breadcrumb"},"inLanguage":"en-GB","potentialAction":[{"@type":"ReadAction","target":["https:\/\/joyasconproposito.es\/producto\/pulsera-crisocola\/"]}]},{"@type":"ImageObject","inLanguage":"en-GB","@id":"https:\/\/joyasconproposito.es\/producto\/pulsera-crisocola\/#primaryimage","url":"https:\/\/joyasconproposito.es\/wp-content\/uploads\/2026\/03\/19.prod_-1-scaled.jpg","contentUrl":"https:\/\/joyasconproposito.es\/wp-content\/uploads\/2026\/03\/19.prod_-1-scaled.jpg","width":1920,"height":2560},{"@type":"BreadcrumbList","@id":"https:\/\/joyasconproposito.es\/producto\/pulsera-crisocola\/#breadcrumb","itemListElement":[{"@type":"ListItem","position":1,"name":"Portada","item":"https:\/\/joyasconproposito.es\/"},{"@type":"ListItem","position":2,"name":"Tienda","item":"https:\/\/joyasconproposito.es\/tienda\/"},{"@type":"ListItem","position":3,"name":"Pulsera Cris\u00f3cola"}]},{"@type":"WebSite","@id":"https:\/\/joyasconproposito.es\/#website","url":"https:\/\/joyasconproposito.es\/","name":"Joyas con Prop&oacute;sito","description":"Joyas con Prop&oacute;sito - Mineraliano","potentialAction":[{"@type":"SearchAction","target":{"@type":"EntryPoint","urlTemplate":"https:\/\/joyasconproposito.es\/?s={search_term_string}"},"query-input":{"@type":"PropertyValueSpecification","valueRequired":true,"valueName":"search_term_string"}}],"inLanguage":"en-GB"}]}},"_links":{"self":[{"href":"https:\/\/joyasconproposito.es\/en\/wp-json\/wp\/v2\/product\/100154","targetHints":{"allow":["GET"]}}],"collection":[{"href":"https:\/\/joyasconproposito.es\/en\/wp-json\/wp\/v2\/product"}],"about":[{"href":"https:\/\/joyasconproposito.es\/en\/wp-json\/wp\/v2\/types\/product"}],"replies":[{"embeddable":true,"href":"https:\/\/joyasconproposito.es\/en\/wp-json\/wp\/v2\/comments?post=100154"}],"wp:featuredmedia":[{"embeddable":true,"href":"https:\/\/joyasconproposito.es\/en\/wp-json\/wp\/v2\/media\/100156"}],"wp:attachment":[{"href":"https:\/\/joyasconproposito.es\/en\/wp-json\/wp\/v2\/media?parent=100154"}],"wp:term":[{"taxonomy":"product_brand","embeddable":true,"href":"https:\/\/joyasconproposito.es\/en\/wp-json\/wp\/v2\/product_brand?post=100154"},{"taxonomy":"product_cat","embeddable":true,"href":"https:\/\/joyasconproposito.es\/en\/wp-json\/wp\/v2\/product_cat?post=100154"},{"taxonomy":"product_tag","embeddable":true,"href":"https:\/\/joyasconproposito.es\/en\/wp-json\/wp\/v2\/product_tag?post=100154"}],"curies":[{"name":"wp","href":"https:\/\/api.w.org\/{rel}","templated":true}]}}